{"id":14489,"date":"2021-12-13T11:36:26","date_gmt":"2021-12-13T10:36:26","guid":{"rendered":"https:\/\/newmoteuretsens.e-madgin.com\/?post_type=product&#038;p=14489"},"modified":"2021-12-13T11:36:26","modified_gmt":"2021-12-13T10:36:26","slug":"carrera-gt-v10-5-7l","status":"publish","type":"product","link":"https:\/\/newmoteuretsens.e-madgin.com\/index.php\/produit\/carrera-gt-v10-5-7l\/","title":{"rendered":"CARRERA GT V10 5.7L"},"content":{"rendered":"<p>En 2000, quand la Carrera GT a \u00e9t\u00e9 pr\u00e9sent\u00e9e lors du Mondial de l&rsquo;automobile \u00e0 Paris, elle a fait l&rsquo;effet d&rsquo;une bombe dans l&rsquo;univers automobile. A son bord, Walter R\u00f6hrl descendant les Champs-\u00c9lys\u00e9es pour d\u00e9voiler ce projet fou qui avait jusqu&rsquo;e l\u00e0 \u00e9t\u00e9 maintenu totalement secret par la firme de Stuttgart. Digne successeur de la l\u00e9gendaire GT1, la supercar Carrera GT avait des adversaire f\u00e9roces \u00e0 l&rsquo;\u00e9poque : Mercedes et sa McLaren SLR, Ferrari avec sa Enzo, et les rumeurs de Bugatti et sa Veyron.<\/p>\n<p>Construite \u00e0 seulement 1 270 exemplaires, elle est \u00e9quip\u00e9e d&rsquo;un majestueux moteur atmosph\u00e9rique V10 5.7 litres de 612ch avec une lubrification \u00e0 carter sec directement issu de la comp\u00e9tition automobile : anciennement d\u00e9velopp\u00e9 pour la F1, puis pour l&rsquo;endurance, puis finalement atterri dans une voiture de route. Le graal : toute cette force motrice est transmise par une bo\u00eete six rapports \u00e0 commande manuelle tr\u00e8s bien \u00e9tag\u00e9e et facile \u00e0 manipuler gr\u00e2ce \u00e0 son emplacement relev\u00e9 sur la console centrale. L&#8217;embrayage en carbone tellement l\u00e9ger permet une inertie quasi inexistante rendant les mont\u00e9es et descentes en r\u00e9gime \u00e0 une vitesse fulgurante !<\/p>\n<p>L&rsquo;exemplaire que nous sommes heureux de vous proposer aujourd&rsquo;hui est pr\u00e9sent\u00e9e dans la rare livr\u00e9e Jaune Fa\u00efence. Il s&rsquo;agit d&rsquo;un exemplaire peu kilom\u00e9tr\u00e9 et en parfait \u00e9tat.<\/p>\n","protected":false},"excerpt":{"rendered":"<ul>\n<li>Freins c\u00e9ramiques<\/li>\n<li>Carnet d&rsquo;entretien<\/li>\n<li>Int\u00e9rieur tout cuir<\/li>\n<li>Pommeau de vitesse en bois<\/li>\n<li>Etriers de freins Jaune<\/li>\n<li>P\u00e9dalier en aluminium<\/li>\n<li>Ecusson Porsche en relief dans l&rsquo;appui-t\u00eate<\/li>\n<li>Diffuseur arri\u00e8re en carbone<\/li>\n<li>Jantes Aluminium \u00e0 \u00e9crou central<\/li>\n<li>Autoradio Porsche Online Pro<\/li>\n<\/ul>\n","protected":false},"featured_media":14490,"comment_status":"open","ping_status":"closed","template":"","meta":[],"product_cat":[21],"product_tag":[],"class_list":["post-14489","product","type-product","status-publish","has-post-thumbnail","hentry","product_cat-porsche","entry","has-media"],"_links":{"self":[{"href":"https:\/\/newmoteuretsens.e-madgin.com\/index.php\/wp-json\/wp\/v2\/product\/14489","targetHints":{"allow":["GET"]}}],"collection":[{"href":"https:\/\/newmoteuretsens.e-madgin.com\/index.php\/wp-json\/wp\/v2\/product"}],"about":[{"href":"https:\/\/newmoteuretsens.e-madgin.com\/index.php\/wp-json\/wp\/v2\/types\/product"}],"replies":[{"embeddable":true,"href":"https:\/\/newmoteuretsens.e-madgin.com\/index.php\/wp-json\/wp\/v2\/comments?post=14489"}],"wp:featuredmedia":[{"embeddable":true,"href":"https:\/\/newmoteuretsens.e-madgin.com\/index.php\/wp-json\/wp\/v2\/media\/14490"}],"wp:attachment":[{"href":"https:\/\/newmoteuretsens.e-madgin.com\/index.php\/wp-json\/wp\/v2\/media?parent=14489"}],"wp:term":[{"taxonomy":"product_cat","embeddable":true,"href":"https:\/\/newmoteuretsens.e-madgin.com\/index.php\/wp-json\/wp\/v2\/product_cat?post=14489"},{"taxonomy":"product_tag","embeddable":true,"href":"https:\/\/newmoteuretsens.e-madgin.com\/index.php\/wp-json\/wp\/v2\/product_tag?post=14489"}],"curies":[{"name":"wp","href":"https:\/\/api.w.org\/{rel}","templated":true}]}}