{"id":13979,"date":"2021-12-10T11:36:35","date_gmt":"2021-12-10T10:36:35","guid":{"rendered":"https:\/\/newmoteuretsens.e-madgin.com\/?post_type=product&#038;p=13979"},"modified":"2021-12-10T11:36:35","modified_gmt":"2021-12-10T10:36:35","slug":"porsche-911-type-992-carrera-s","status":"publish","type":"product","link":"https:\/\/newmoteuretsens.e-madgin.com\/index.php\/produit\/porsche-911-type-992-carrera-s\/","title":{"rendered":"PORSCHE 911 TYPE 992 CARRERA S"},"content":{"rendered":"<p>Chaque sortie d&rsquo;une nouvelle version de la Porsche 911 est un \u00e9v\u00e8nement, le cru 992 n&rsquo;a pas d\u00e9rog\u00e9 \u00e0 la r\u00e8gle, celui-ci \u00e9tant une notable \u00e9volution de la 991. Un design intemporel, interpr\u00e9t\u00e9 de fa\u00e7on contemporaine, la silhouette incomparable de la 911 n\u2019a pratiquement pas chang\u00e9 bien que cette g\u00e9n\u00e9ration adopte quand m\u00eame quelques particularit\u00e9s: le capot creus\u00e9 en hommage aux 911 des ann\u00e9es 70, les poign\u00e9es de portes sont escamotables ce qui purifie encore plus la ligne et permet un gain a\u00e9rodynamique, \u00e0 l\u2019arri\u00e8re un bandeau noire int\u00e8gre les \u00e9chappements et la plaque d\u2019immatriculation, la grille moteur int\u00e8gre les feux stop et est chrom\u00e9e en partie sup\u00e9rieure (cela permet d\u2019ailleurs de la reconnaitre d\u2019une simple Carrera S qui est enti\u00e8rement noire). A l&rsquo;int\u00e9rieur on retrouve \u00e9pur\u00e9 o\u00f9 tout tombe sur la main et le choix des mat\u00e9riaux est une v\u00e9ritable d\u00e9monstration de force. Le flat-six de 3.0L \u00e0 double turbocompresseur de la Carrera S d\u00e9veloppe 450ch et 530Nm de couple. Plein partout, ce moteur prend 7 500 tr\/min avec plaisir et le temps de r\u00e9ponse des turbos tend vers z\u00e9ro.<\/p>\n<p>Notre exemplaire est fran\u00e7ais d&rsquo;origine et en parfait \u00e9tat ! Son \u00e9quipement est pl\u00e9thorique (Si\u00e8ges 18 positions, toit ouvrant, \u00e9chappement sport etc..) et sa configuration grise \/ Int\u00e9rieur noir est une valeur sure !<\/p>\n","protected":false},"excerpt":{"rendered":"<ul>\n<li>AU Int\u00e9rieur tout cuir Noir<\/li>\n<li>3FE Toit coulissant \/ Relevable \u00e9lectrique en verre<\/li>\n<li>G1G Boite PDK 8 rapports<\/li>\n<li>0P9 Syst\u00e8me d&rsquo;\u00e9chappement sport avec sorties d&rsquo;\u00e9chappement sport en Noir<\/li>\n<li>8LH Pack Sport Chrono incl. s\u00e9lecteur de mode et Porsche Track Precision App<\/li>\n<li>2UH Syst\u00e8me de levage hydraulique de l&rsquo;essieu avant<\/li>\n<li>8JU Phares LED \u00e0 technologie Matrix incl. PDLS+ en Noir<\/li>\n<li>KA6 Surround View<\/li>\n<li>2V4 Ioniseur<\/li>\n<li>Q1J Si\u00e8ges Sport Plus adaptatifs 18 positions incl. Pack m\u00e9moire confort<\/li>\n<li>4A3 Si\u00e8ges avant chauffants<\/li>\n<li>4D3 Ventilation des si\u00e8ges \u00e0 l&rsquo;avant<\/li>\n<li>FI6 Ceintures de s\u00e9curit\u00e9 en Rouge Bordeaux<\/li>\n<li>3J7 Embl\u00e8me Porsche sur les appuis-t\u00eate<\/li>\n<li>6NN Ciel de toit en alcantara<\/li>\n<li>5MH Pack int\u00e9rieur en carbone mat<\/li>\n<li>9VL Bose Surround Sound System<\/li>\n<li>QV3 Radio digitale<\/li>\n<\/ul>\n","protected":false},"featured_media":13980,"comment_status":"open","ping_status":"closed","template":"","meta":[],"product_cat":[21],"product_tag":[],"class_list":["post-13979","product","type-product","status-publish","has-post-thumbnail","hentry","product_cat-porsche","entry","has-media"],"_links":{"self":[{"href":"https:\/\/newmoteuretsens.e-madgin.com\/index.php\/wp-json\/wp\/v2\/product\/13979","targetHints":{"allow":["GET"]}}],"collection":[{"href":"https:\/\/newmoteuretsens.e-madgin.com\/index.php\/wp-json\/wp\/v2\/product"}],"about":[{"href":"https:\/\/newmoteuretsens.e-madgin.com\/index.php\/wp-json\/wp\/v2\/types\/product"}],"replies":[{"embeddable":true,"href":"https:\/\/newmoteuretsens.e-madgin.com\/index.php\/wp-json\/wp\/v2\/comments?post=13979"}],"wp:featuredmedia":[{"embeddable":true,"href":"https:\/\/newmoteuretsens.e-madgin.com\/index.php\/wp-json\/wp\/v2\/media\/13980"}],"wp:attachment":[{"href":"https:\/\/newmoteuretsens.e-madgin.com\/index.php\/wp-json\/wp\/v2\/media?parent=13979"}],"wp:term":[{"taxonomy":"product_cat","embeddable":true,"href":"https:\/\/newmoteuretsens.e-madgin.com\/index.php\/wp-json\/wp\/v2\/product_cat?post=13979"},{"taxonomy":"product_tag","embeddable":true,"href":"https:\/\/newmoteuretsens.e-madgin.com\/index.php\/wp-json\/wp\/v2\/product_tag?post=13979"}],"curies":[{"name":"wp","href":"https:\/\/api.w.org\/{rel}","templated":true}]}}