{"id":13884,"date":"2021-12-08T17:00:09","date_gmt":"2021-12-08T16:00:09","guid":{"rendered":"https:\/\/newmoteuretsens.e-madgin.com\/?post_type=product&#038;p=13884"},"modified":"2022-01-20T17:05:38","modified_gmt":"2022-01-20T16:05:38","slug":"porsche-911-type-991-carrera-4s-420ch","status":"publish","type":"product","link":"https:\/\/newmoteuretsens.e-madgin.com\/index.php\/produit\/porsche-911-type-991-carrera-4s-420ch\/","title":{"rendered":"PORSCHE 911 TYPE 991 CARRERA 4S 420CH"},"content":{"rendered":"<p>Version marquante de la lign\u00e9e des Porsche 911, la 991 carrera phase 2 adopte une motorisation Turbo pour la premi\u00e8re fois et le moins que l&rsquo;on puisse dire c&rsquo;est que ce nouveau moteur rempli son r\u00f4le a merveille. Polyvalence accrue, interface revue, performances encore sup\u00e9rieures, confort de roulage et facilit\u00e9 d&rsquo;utilisation, c&rsquo;est un v\u00e9ritable couteau suisse. Mais la nouveaut\u00e9 ne s&rsquo;en tiens pas l\u00e0, les roues arri\u00e8res directrices font \u00e9galement leur apparitions (en option), ici pr\u00e9sentes sur notre mod\u00e8le.<\/p>\n<p>Notre exemplaire est pr\u00e9sent\u00e9 dans cette superbe configuration grise int\u00e9rieur chocolat qui est du plus bel effet, m\u00ealant chic et exclusivit\u00e9. L&rsquo;\u00e9tat g\u00e9n\u00e9ral de la voiture est absolument parfait avec un \u00e9quipement pl\u00e9thorique (Pack Chrono, cuir \u00e9tendu, si\u00e8ges chauffants, PDLS + Etc &#8230;). Il s&rsquo;agit d&rsquo;une deuxi\u00e8me main qui a re\u00e7u ses 2 entretiens dont le dernier a \u00e9t\u00e9 r\u00e9alis\u00e9 en 02\/2021 \u00e0 38 000km.<\/p>\n","protected":false},"excerpt":{"rendered":"<p>Version marquante de la lign\u00e9e des Porsche 911, la 991 carrera phase 2 adopte une motorisation Turbo pour la premi\u00e8re fois et le moins que l&rsquo;on puisse dire c&rsquo;est que ce nouveau moteur rempli son r\u00f4le a merveille. Polyvalence accrue, interface revue, performances encore sup\u00e9rieures, confort de roulage et facilit\u00e9 d&rsquo;utilisation, c&rsquo;est un v\u00e9ritable couteau suisse. Mais la nouveaut\u00e9 ne s&rsquo;en tiens pas l\u00e0, les roues arri\u00e8res directrices font \u00e9galement leur apparitions (en option), ici pr\u00e9sentes sur notre mod\u00e8le.<\/p>\n<p>Notre exemplaire est pr\u00e9sent\u00e9 dans cette superbe configuration grise int\u00e9rieur chocolat qui est du plus bel effet, m\u00ealant chic et exclusivit\u00e9. L&rsquo;\u00e9tat g\u00e9n\u00e9ral de la voiture est absolument parfait avec un \u00e9quipement pl\u00e9thorique (Pack Chrono, cuir \u00e9tendu, si\u00e8ges chauffants, PDLS + Etc &#8230;). Il s&rsquo;agit d&rsquo;une deuxi\u00e8me main qui a re\u00e7u ses 2 entretiens dont le dernier a \u00e9t\u00e9 r\u00e9alis\u00e9 en 02\/2021 \u00e0 38 000km.<\/p>\n","protected":false},"featured_media":13885,"comment_status":"open","ping_status":"closed","template":"","meta":[],"product_cat":[21],"product_tag":[],"class_list":["post-13884","product","type-product","status-publish","has-post-thumbnail","hentry","product_cat-porsche","entry","has-media"],"_links":{"self":[{"href":"https:\/\/newmoteuretsens.e-madgin.com\/index.php\/wp-json\/wp\/v2\/product\/13884","targetHints":{"allow":["GET"]}}],"collection":[{"href":"https:\/\/newmoteuretsens.e-madgin.com\/index.php\/wp-json\/wp\/v2\/product"}],"about":[{"href":"https:\/\/newmoteuretsens.e-madgin.com\/index.php\/wp-json\/wp\/v2\/types\/product"}],"replies":[{"embeddable":true,"href":"https:\/\/newmoteuretsens.e-madgin.com\/index.php\/wp-json\/wp\/v2\/comments?post=13884"}],"wp:featuredmedia":[{"embeddable":true,"href":"https:\/\/newmoteuretsens.e-madgin.com\/index.php\/wp-json\/wp\/v2\/media\/13885"}],"wp:attachment":[{"href":"https:\/\/newmoteuretsens.e-madgin.com\/index.php\/wp-json\/wp\/v2\/media?parent=13884"}],"wp:term":[{"taxonomy":"product_cat","embeddable":true,"href":"https:\/\/newmoteuretsens.e-madgin.com\/index.php\/wp-json\/wp\/v2\/product_cat?post=13884"},{"taxonomy":"product_tag","embeddable":true,"href":"https:\/\/newmoteuretsens.e-madgin.com\/index.php\/wp-json\/wp\/v2\/product_tag?post=13884"}],"curies":[{"name":"wp","href":"https:\/\/api.w.org\/{rel}","templated":true}]}}