{"id":13820,"date":"2021-12-08T15:25:48","date_gmt":"2021-12-08T14:25:48","guid":{"rendered":"https:\/\/newmoteuretsens.e-madgin.com\/?post_type=product&#038;p=13820"},"modified":"2021-12-16T19:25:59","modified_gmt":"2021-12-16T18:25:59","slug":"porsche-macan-turbo-3-6-v6","status":"publish","type":"product","link":"https:\/\/newmoteuretsens.e-madgin.com\/index.php\/produit\/porsche-macan-turbo-3-6-v6\/","title":{"rendered":"PORSCHE &#8211; MACAN TURBO 3.6 V6"},"content":{"rendered":"<p>Une 911 pratique ! Pour se d\u00e9marquer de ses concurrents \u00e0 4 anneaux, Porsche a inject\u00e9 l&rsquo;ADN pure de 911 : polyvalence et ma\u00eetrise de son environnement. A bord, peu de d\u00e9paysement par rapport au Cayenne, voire une 911. Depuis toujours, Porsche reste tr\u00e8s conservateur dans ses habitacles. L&rsquo;espace \u00e0 bord est particuli\u00e8rement g\u00e9n\u00e9reux, jusqu&rsquo;au coffre qui propose une capacit\u00e9 de 500 litres. Sorti en 2015, ce Macan Turbo \u00e9tait le SUV interm\u00e9diaire le plus puissant du march\u00e9 puisqu&rsquo;il est propuls\u00e9 par un nouveau bloc V6 3.6 de 400 ch. Il b\u00e9n\u00e9ficie par exemple, du Porsche Torque Vectoring de la 911 redistribuant le couple sur les roues ext\u00e9rieures (arri\u00e8re seulement) et l&rsquo;aidant ainsi \u00e0 pivoter. Le Macan porte bien son surnom de f\u00e9lin (tigre en indon\u00e9sien) dont il a toutes les qualit\u00e9s d&rsquo;agilit\u00e9. Notre exemplaire est pr\u00e9sent\u00e9 dans une livr\u00e9e assez originale puisqu&rsquo;il dispose d&rsquo;un int\u00e9rieur en cuir marron accompagn\u00e9 du pack Ronce de Noyer. Un look so British ! Ce Macan Turbo est en bon \u00e9tat, tr\u00e8s bien optionn\u00e9 et dispose un carnet d&rsquo;entretien \u00e0 jour. (Derni\u00e8re r\u00e9vision chez Porsche en Mai 2021 \u00e0 32 391km)<\/p>\n","protected":false},"excerpt":{"rendered":"<ul>\n<li>Suppression de la d\u00e9signation mod\u00e8le<\/li>\n<li>Sorties d&rsquo;\u00e9chappement sport chrom\u00e9s<\/li>\n<li>Tapis de sol<\/li>\n<li>Suspension pneumatique \u00e0 hauteur variable avec r\u00e9gulation de la hauteur de caisse et de l&rsquo;assiette i<\/li>\n<li>Servotronic<\/li>\n<li>Porsche Torque Vectoring Plus (PTV Plus)<\/li>\n<li>Cartes de protection AV\/AR en acier sp\u00e9cial<\/li>\n<li>Volant chauffant<\/li>\n<li>Toit ouvrant panoramique<\/li>\n<li>Rideaux pare-soleil m\u00e9caniques pour les vitres lat\u00e9rales arrri\u00e8res<\/li>\n<li>Si\u00e8ges chauffants et ventil\u00e9s<\/li>\n<li>Pack int\u00e9rieur Ronce de Noyer<\/li>\n<li>Cam\u00e9ra de recul incluant l&rsquo;assistance parking AV\/AR<\/li>\n<li>Pack fumeur<\/li>\n<li>Jantes RS Spyder Design 20 pouces<\/li>\n<li>Ceintures de s\u00e9curit\u00e9 expresso<\/li>\n<li>R\u00e9troviseurs int\u00e9rieur et ext\u00e9rieur anti-\u00e9blouissement<\/li>\n<li>Pack confort luminosit\u00e9<\/li>\n<li>Syst\u00e8me audio Bose<\/li>\n<li>Porsche Dynamic Light System Plus (PDLS Plus)<\/li>\n<\/ul>\n","protected":false},"featured_media":13821,"comment_status":"open","ping_status":"closed","template":"","meta":[],"product_cat":[21],"product_tag":[],"class_list":["post-13820","product","type-product","status-publish","has-post-thumbnail","hentry","product_cat-porsche","entry","has-media"],"_links":{"self":[{"href":"https:\/\/newmoteuretsens.e-madgin.com\/index.php\/wp-json\/wp\/v2\/product\/13820","targetHints":{"allow":["GET"]}}],"collection":[{"href":"https:\/\/newmoteuretsens.e-madgin.com\/index.php\/wp-json\/wp\/v2\/product"}],"about":[{"href":"https:\/\/newmoteuretsens.e-madgin.com\/index.php\/wp-json\/wp\/v2\/types\/product"}],"replies":[{"embeddable":true,"href":"https:\/\/newmoteuretsens.e-madgin.com\/index.php\/wp-json\/wp\/v2\/comments?post=13820"}],"wp:featuredmedia":[{"embeddable":true,"href":"https:\/\/newmoteuretsens.e-madgin.com\/index.php\/wp-json\/wp\/v2\/media\/13821"}],"wp:attachment":[{"href":"https:\/\/newmoteuretsens.e-madgin.com\/index.php\/wp-json\/wp\/v2\/media?parent=13820"}],"wp:term":[{"taxonomy":"product_cat","embeddable":true,"href":"https:\/\/newmoteuretsens.e-madgin.com\/index.php\/wp-json\/wp\/v2\/product_cat?post=13820"},{"taxonomy":"product_tag","embeddable":true,"href":"https:\/\/newmoteuretsens.e-madgin.com\/index.php\/wp-json\/wp\/v2\/product_tag?post=13820"}],"curies":[{"name":"wp","href":"https:\/\/api.w.org\/{rel}","templated":true}]}}