{"id":13724,"date":"2021-12-08T10:46:01","date_gmt":"2021-12-08T09:46:01","guid":{"rendered":"https:\/\/newmoteuretsens.e-madgin.com\/?post_type=product&#038;p=13724"},"modified":"2021-12-08T10:46:02","modified_gmt":"2021-12-08T09:46:02","slug":"lotus-exige-cup-430-2","status":"publish","type":"product","link":"https:\/\/newmoteuretsens.e-madgin.com\/index.php\/produit\/lotus-exige-cup-430-2\/","title":{"rendered":"LOTUS EXIGE CUP 430"},"content":{"rendered":"<p>Tr\u00e8s \u00e9loign\u00e9e du flegme britannique, l&rsquo;exige cup 430 est la d\u00e9finition m\u00eame de la bestialit\u00e9 et de la violence, pour le plus grand plaisir des extr\u00e9mistes du pilotage. Avec une direction ultra communicative, une motricit\u00e9 sans failles et une stabilit\u00e9 diabolique, cette g\u00e9n\u00e9ration est plus efficace et radicale que jamais. Une fois le sublime seuil de porte en carbone enjamb\u00e9, on retrouve \u00e0 l&rsquo;int\u00e9rieur un cocon d\u2019Alcantara et de cuir qui nous projette dans un environnement qui transpire la sportivit\u00e9. La sublime tringlerie de bo\u00eete apparente tr\u00f4ne au milieu de l&rsquo;habitacle comme pi\u00e8ce maitresse liant l&rsquo;homme \u00e0 machine. Le V6 3.5 compress\u00e9 d\u2019origine Toyota, plac\u00e9 en position centrale arri\u00e8re d\u00e9veloppe 436 ch et 440 Nm de couple, ce dernier laisse \u00e9chapper, via une ligne d\u2019\u00e9chappement en titane, une sonorit\u00e9 diabolique.<\/p>\n<p>Notre exemplaire est une premi\u00e8re main fran\u00e7aise qui a fait l&rsquo;objet de plusieurs travaux d&rsquo;optimisation (Barre \/ Harnais FIA 4 points, Komo-Tec Carbone, Volant d\u00e9gagement rapide, AeroFlap carbone, r\u00e9troviseurs carbone etc.. ).<\/p>\n","protected":false},"excerpt":{"rendered":"<ul>\n<li>Touring Pack<\/li>\n<li>Full Carpets (Black)<\/li>\n<li>Stereo &amp; Speakers<\/li>\n<li>Sound Insulation<\/li>\n<li>Cruise control<\/li>\n<li>Motorsport Black Paint<\/li>\n<li>Alcantara Trim Pack &#8211; Included<\/li>\n<li>Motorsport Black Interior color Pack<\/li>\n<li>Carbon fibre seats with Red \/ White Stitch<\/li>\n<li>Floor Mats<\/li>\n<li>Carbon Fibre Sill covers<\/li>\n<li>Alacantara Fascia Vents<\/li>\n<li>Red Forged Wheels<\/li>\n<li>Black Callipers<\/li>\n<li>Air conditioning<\/li>\n<li>Red Rear Spoiler Uprights<\/li>\n<li>Carbon Fibre Hardtop<\/li>\n<li>Lithium Ion Battery<\/li>\n<li>Titanium Exhaust<\/li>\n<li>Solid Red exterior Accents<\/li>\n<li>Engine Isolator<\/li>\n<li>Fire Extinguisher<\/li>\n<\/ul>\n","protected":false},"featured_media":13725,"comment_status":"open","ping_status":"closed","template":"","meta":[],"product_cat":[28],"product_tag":[],"class_list":["post-13724","product","type-product","status-publish","has-post-thumbnail","hentry","product_cat-lotus","entry","has-media"],"_links":{"self":[{"href":"https:\/\/newmoteuretsens.e-madgin.com\/index.php\/wp-json\/wp\/v2\/product\/13724","targetHints":{"allow":["GET"]}}],"collection":[{"href":"https:\/\/newmoteuretsens.e-madgin.com\/index.php\/wp-json\/wp\/v2\/product"}],"about":[{"href":"https:\/\/newmoteuretsens.e-madgin.com\/index.php\/wp-json\/wp\/v2\/types\/product"}],"replies":[{"embeddable":true,"href":"https:\/\/newmoteuretsens.e-madgin.com\/index.php\/wp-json\/wp\/v2\/comments?post=13724"}],"wp:featuredmedia":[{"embeddable":true,"href":"https:\/\/newmoteuretsens.e-madgin.com\/index.php\/wp-json\/wp\/v2\/media\/13725"}],"wp:attachment":[{"href":"https:\/\/newmoteuretsens.e-madgin.com\/index.php\/wp-json\/wp\/v2\/media?parent=13724"}],"wp:term":[{"taxonomy":"product_cat","embeddable":true,"href":"https:\/\/newmoteuretsens.e-madgin.com\/index.php\/wp-json\/wp\/v2\/product_cat?post=13724"},{"taxonomy":"product_tag","embeddable":true,"href":"https:\/\/newmoteuretsens.e-madgin.com\/index.php\/wp-json\/wp\/v2\/product_tag?post=13724"}],"curies":[{"name":"wp","href":"https:\/\/api.w.org\/{rel}","templated":true}]}}