{"id":13679,"date":"2021-12-07T16:40:54","date_gmt":"2021-12-07T15:40:54","guid":{"rendered":"https:\/\/newmoteuretsens.e-madgin.com\/?post_type=product&#038;p=13679"},"modified":"2021-12-07T16:40:54","modified_gmt":"2021-12-07T15:40:54","slug":"porsche-macan-turbo-pack-performance-440ch","status":"publish","type":"product","link":"https:\/\/newmoteuretsens.e-madgin.com\/index.php\/produit\/porsche-macan-turbo-pack-performance-440ch\/","title":{"rendered":"PORSCHE MACAN TURBO PACK PERFORMANCE 440CH"},"content":{"rendered":"<p>Une 911 pratique ! Pour se d\u00e9marquer de ses concurrents \u00e0 4 anneaux, Porsche a inject\u00e9 l&rsquo;ADN pure de 911 : polyvalence et ma\u00eetrise de son environnement. A bord, peu de d\u00e9paysement par rapport au Cayenne, voire une 911. Depuis toujours, Porsche reste tr\u00e8s conservateur dans ses habitacles. L&rsquo;espace \u00e0 bord est particuli\u00e8rement g\u00e9n\u00e9reux, jusqu&rsquo;au coffre qui propose une capacit\u00e9 de 500 litres. Sorti en 2015, ce Macan Turbo \u00e9tait le SUV interm\u00e9diaire le plus puissant du march\u00e9 puisqu&rsquo;il est propuls\u00e9 par un nouveau bloc V6 3.6 de 400 ch. Il b\u00e9n\u00e9ficie par exemple, du Porsche Torque Vectoring de la 911 redistribuant le couple sur les roues ext\u00e9rieures (arri\u00e8re seulement) et l&rsquo;aidant ainsi \u00e0 pivoter. Le Macan porte bien son surnom de f\u00e9lin (tigre en indon\u00e9sien) dont il a toutes les qualit\u00e9s d&rsquo;agilit\u00e9.<\/p>\n<p>Notre exemplaire est \u00e9quip\u00e9 du rare Pack Performance portant la puissance \u00e0 440ch. A l&rsquo;int\u00e9rieur, l&rsquo;atmosph\u00e8re aussi est sp\u00e9cifique avec des notes de rouges par ci et l\u00e0 rappelant les \u00e9l\u00e9ments ext\u00e9rieurs (logos, \u00e9triers de freins, liseret). Le niveau d&rsquo;options sur ce mod\u00e8le est pl\u00e9thorique (Toit panoramique, si\u00e8ges 18 positions chauffants et ventil\u00e9s etc ..). Il s&rsquo;agit d&rsquo;une auto fran\u00e7aise toujours entretenue chez Porsche (derni\u00e8re r\u00e9vision en 07\/2021 \u00e0 59 000km).<\/p>\n","protected":false},"excerpt":{"rendered":"<ul>\n<li>Assistance parking avant et arri\u00e8re avec cam\u00e9ra de recul et vue 360\u00b0<\/li>\n<li>Ceintures de s\u00e9curit\u00e9 Rouge Grenat<\/li>\n<li>Code Usine &#8211; Suppression du monogramme arri\u00e8re<\/li>\n<li>Exclusive Performance Edition<\/li>\n<li>Feux arri\u00e8res teint\u00e9s<\/li>\n<li>Habillage de la colonne de direction en cuir<\/li>\n<li>Jantes 911 Turbo Design peintes en Noir (finition brillante) 21 pouces<\/li>\n<li>Module Connect Plus<\/li>\n<li>Num\u00e9ro de limitation Exclusive Performance Edition<\/li>\n<li>Pack confort luminosit\u00e9 (en association avec pack m\u00e9moire confort ou pack m\u00e9moire conducteur)<\/li>\n<li>Pack ext\u00e9rieur Turbo<\/li>\n<li>Pack fumeur<\/li>\n<li>Pack int\u00e9rieur carbone (avec int\u00e9rieur cuir)<\/li>\n<li>Phares \u00e0 LED incl. Porsche Dynamic Light System Plus (PDLS Plus)<\/li>\n<li>Pr\u00e9paration pour seuil de porte en carbone illumin\u00e9<\/li>\n<li>R\u00e9troviseurs ext\u00e9rieurs et int\u00e9rieur avec fonction anti-\u00e9blouissement automatique<\/li>\n<li>Servotronic Plus<\/li>\n<li>Si\u00e8ges chauffants \u00e0 l&rsquo;avant et \u00e0 l&rsquo;arri\u00e8re<\/li>\n<li>Suspension pneumatique \u00e0 hauteur variable avec r\u00e9gulation de la hauteur de caisse et de l&rsquo;assiette<\/li>\n<li>Tapis de sol<\/li>\n<li>Toit ouvrant panoramique<\/li>\n<li>Valves TPM en noir<\/li>\n<li>Vitrage \u00e0 isolation thermique et sonore<\/li>\n<li>Volant chauffant<\/li>\n<li>Si\u00e8ges sport adaptatifs 18 positions<\/li>\n<\/ul>\n","protected":false},"featured_media":13680,"comment_status":"open","ping_status":"closed","template":"","meta":[],"product_cat":[21],"product_tag":[],"class_list":["post-13679","product","type-product","status-publish","has-post-thumbnail","hentry","product_cat-porsche","entry","has-media"],"_links":{"self":[{"href":"https:\/\/newmoteuretsens.e-madgin.com\/index.php\/wp-json\/wp\/v2\/product\/13679","targetHints":{"allow":["GET"]}}],"collection":[{"href":"https:\/\/newmoteuretsens.e-madgin.com\/index.php\/wp-json\/wp\/v2\/product"}],"about":[{"href":"https:\/\/newmoteuretsens.e-madgin.com\/index.php\/wp-json\/wp\/v2\/types\/product"}],"replies":[{"embeddable":true,"href":"https:\/\/newmoteuretsens.e-madgin.com\/index.php\/wp-json\/wp\/v2\/comments?post=13679"}],"wp:featuredmedia":[{"embeddable":true,"href":"https:\/\/newmoteuretsens.e-madgin.com\/index.php\/wp-json\/wp\/v2\/media\/13680"}],"wp:attachment":[{"href":"https:\/\/newmoteuretsens.e-madgin.com\/index.php\/wp-json\/wp\/v2\/media?parent=13679"}],"wp:term":[{"taxonomy":"product_cat","embeddable":true,"href":"https:\/\/newmoteuretsens.e-madgin.com\/index.php\/wp-json\/wp\/v2\/product_cat?post=13679"},{"taxonomy":"product_tag","embeddable":true,"href":"https:\/\/newmoteuretsens.e-madgin.com\/index.php\/wp-json\/wp\/v2\/product_tag?post=13679"}],"curies":[{"name":"wp","href":"https:\/\/api.w.org\/{rel}","templated":true}]}}