{"id":13626,"date":"2021-12-07T14:26:29","date_gmt":"2021-12-07T13:26:29","guid":{"rendered":"https:\/\/newmoteuretsens.e-madgin.com\/?post_type=product&#038;p=13626"},"modified":"2021-12-07T14:26:29","modified_gmt":"2021-12-07T13:26:29","slug":"lamborghini-diablo","status":"publish","type":"product","link":"https:\/\/newmoteuretsens.e-madgin.com\/index.php\/produit\/lamborghini-diablo\/","title":{"rendered":"LAMBORGHINI DIABLO"},"content":{"rendered":"<p>La Lamborghini Diablo est pour toute une g\u00e9n\u00e9ration l&rsquo;ultime voiture de sport des ann\u00e9es 90. Plus de 25 ans apr\u00e8s le d\u00e9but de carri\u00e8re de la Countach, la Diablo est venu relancer la marque italienne tout en venant taquiner Ferrari sur son terrain de jeu. Les performances n&rsquo;ont encore aujourd&rsquo;hui rien \u00e0 envier \u00e0 celles de nombreuses sportive actuelles puisque l&rsquo;auto atteignait d\u00e9j\u00e0 325 km\/h tout en abattant le 0 \u00e0 100 km\/h en un peu plus de 4 secondes.<\/p>\n<p>Le mod\u00e8le que nous pr\u00e9sentons ici est en excellent \u00e9tat. La voiture est fran\u00e7aise d&rsquo;origine et poss\u00e8de son carnet d&rsquo;entretiens ainsi que les 2 cl\u00e9s. Elle sort fraichement de r\u00e9vision et son V12 ne demande qu&rsquo;\u00e0 rugir !<\/p>\n","protected":false},"excerpt":{"rendered":"<ul>\n<li>Carnet d&rsquo;entretien<\/li>\n<li>Factures d&rsquo;entretien<\/li>\n<\/ul>\n","protected":false},"featured_media":13627,"comment_status":"open","ping_status":"closed","template":"","meta":[],"product_cat":[29],"product_tag":[],"class_list":["post-13626","product","type-product","status-publish","has-post-thumbnail","hentry","product_cat-lamborghini","entry","has-media"],"_links":{"self":[{"href":"https:\/\/newmoteuretsens.e-madgin.com\/index.php\/wp-json\/wp\/v2\/product\/13626","targetHints":{"allow":["GET"]}}],"collection":[{"href":"https:\/\/newmoteuretsens.e-madgin.com\/index.php\/wp-json\/wp\/v2\/product"}],"about":[{"href":"https:\/\/newmoteuretsens.e-madgin.com\/index.php\/wp-json\/wp\/v2\/types\/product"}],"replies":[{"embeddable":true,"href":"https:\/\/newmoteuretsens.e-madgin.com\/index.php\/wp-json\/wp\/v2\/comments?post=13626"}],"wp:featuredmedia":[{"embeddable":true,"href":"https:\/\/newmoteuretsens.e-madgin.com\/index.php\/wp-json\/wp\/v2\/media\/13627"}],"wp:attachment":[{"href":"https:\/\/newmoteuretsens.e-madgin.com\/index.php\/wp-json\/wp\/v2\/media?parent=13626"}],"wp:term":[{"taxonomy":"product_cat","embeddable":true,"href":"https:\/\/newmoteuretsens.e-madgin.com\/index.php\/wp-json\/wp\/v2\/product_cat?post=13626"},{"taxonomy":"product_tag","embeddable":true,"href":"https:\/\/newmoteuretsens.e-madgin.com\/index.php\/wp-json\/wp\/v2\/product_tag?post=13626"}],"curies":[{"name":"wp","href":"https:\/\/api.w.org\/{rel}","templated":true}]}}