{"id":13153,"date":"2021-12-03T12:55:39","date_gmt":"2021-12-03T11:55:39","guid":{"rendered":"https:\/\/newmoteuretsens.e-madgin.com\/?post_type=product&#038;p=13153"},"modified":"2022-01-04T19:25:52","modified_gmt":"2022-01-04T18:25:52","slug":"toyota-yaris-gr-track-pack","status":"publish","type":"product","link":"https:\/\/newmoteuretsens.e-madgin.com\/index.php\/produit\/toyota-yaris-gr-track-pack\/","title":{"rendered":"TOYOTA YARIS GR TRACK PACK"},"content":{"rendered":"<p>G.R. pour Gazoo Racing, ce sont les deux lettres magiques du d\u00e9partement sportif de Toyota qui transfigurent la petite nippone et qui dissimulent une multitude de profondes \u00e9volutions pour am\u00e9liorer ses performances et son efficacit\u00e9. Sa particularit\u00e9 tient dans sa transmission int\u00e9grale permanente. Pens\u00e9e et d\u00e9velopp\u00e9e comme une voiture de rallye, on peut faire varier la r\u00e9partition du couple entre les deux essieux, selon le mode de conduite s\u00e9lectionn\u00e9. Ainsi, le train avant re\u00e7oit 60\u2009% du couple en mode basique, alors que les deux essieux se le partagent \u00e0 parts \u00e9gales en mode Track. Et un parfait d\u00e9s\u00e9quilibre est appliqu\u00e9 en mode Sport : le train arri\u00e8re encaisse 70\u2009% du couple, conf\u00e9rant \u00e0 cette Yaris un caract\u00e8re plus dynamique et joueur. Son petit bloc de 3 cylindres 1.6 litre de cylindr\u00e9e est plein comme un \u0153uf, et d\u00e9veloppe 261 ch.<\/p>\n<p>&nbsp;<\/p>\n<p>Bref cette petite bombinette est une v\u00e9ritable machine \u00e0 sourire, le ma\u00eetre mot \u00e0 son bord c&rsquo;est le FUN, sans pour autant d\u00e9laiss\u00e9 un niveau d&rsquo;\u00e9quipement important (Apple carplay, Volant chauffant, Cam\u00e9ra, R\u00e9gulateur de vitesse). Parlant de fun, l&rsquo;auto est pourvue de tambours arri\u00e8re sp\u00e9cialement d\u00e9di\u00e9s au frein \u00e0 main, lequel d\u00e9sengage le pont arri\u00e8re pour emp\u00eacher les blocages de transmission, v\u00e9ritable invitation \u00e0 \u201ctirer du c\u00e2ble\u201d!<\/p>\n<p>&nbsp;<\/p>\n<p>Notre exemplaire est une version Track, plus ch\u00e8re que la version premium, et ici, pas de fioritures, mais des jantes BBS \u00e0 10 branches forg\u00e9es, plus l\u00e9g\u00e8res, des pneus Michelin Pilot Sport 4S, et un amortissement plus ferme avec des diff\u00e9rentiels avant et arri\u00e8re \u00e0 glissement limit\u00e9 pour assurer des d\u00e9rives tel un pilote de rallye ! Cette voiture est quasi neuve, et encore sous garantie constructeur, pr\u00e9sent\u00e9e dans la sublime teinte Rouge intense optionnelle qui est du plus bel effet. Avec plus d&rsquo;un an et demi de d\u00e9lai pour obtenir un mod\u00e8le neuf, notre mod\u00e8le est une v\u00e9ritable aubaine \u00e0 consommer toute suite et sans mod\u00e9ration !<\/p>\n","protected":false},"excerpt":{"rendered":"<ul>\n<li>Bluetooth<\/li>\n<li>R\u00e9gulateur de vitesse<\/li>\n<li>Cam\u00e9ra de recul<\/li>\n<li>Si\u00e8ges chauffant<\/li>\n<li>Track Pack<\/li>\n<li>Volant chauffant<\/li>\n<li>Line Assist<\/li>\n<li>Apple Carplay<\/li>\n<li>TVA r\u00e9cup\u00e9rable<\/li>\n<li>Peinture Rouge Intense<\/li>\n<\/ul>\n","protected":false},"featured_media":13156,"comment_status":"open","ping_status":"closed","template":"","meta":[],"product_cat":[337],"product_tag":[],"class_list":["post-13153","product","type-product","status-publish","has-post-thumbnail","hentry","product_cat-toyota","entry","has-media"],"_links":{"self":[{"href":"https:\/\/newmoteuretsens.e-madgin.com\/index.php\/wp-json\/wp\/v2\/product\/13153","targetHints":{"allow":["GET"]}}],"collection":[{"href":"https:\/\/newmoteuretsens.e-madgin.com\/index.php\/wp-json\/wp\/v2\/product"}],"about":[{"href":"https:\/\/newmoteuretsens.e-madgin.com\/index.php\/wp-json\/wp\/v2\/types\/product"}],"replies":[{"embeddable":true,"href":"https:\/\/newmoteuretsens.e-madgin.com\/index.php\/wp-json\/wp\/v2\/comments?post=13153"}],"wp:featuredmedia":[{"embeddable":true,"href":"https:\/\/newmoteuretsens.e-madgin.com\/index.php\/wp-json\/wp\/v2\/media\/13156"}],"wp:attachment":[{"href":"https:\/\/newmoteuretsens.e-madgin.com\/index.php\/wp-json\/wp\/v2\/media?parent=13153"}],"wp:term":[{"taxonomy":"product_cat","embeddable":true,"href":"https:\/\/newmoteuretsens.e-madgin.com\/index.php\/wp-json\/wp\/v2\/product_cat?post=13153"},{"taxonomy":"product_tag","embeddable":true,"href":"https:\/\/newmoteuretsens.e-madgin.com\/index.php\/wp-json\/wp\/v2\/product_tag?post=13153"}],"curies":[{"name":"wp","href":"https:\/\/api.w.org\/{rel}","templated":true}]}}