{"id":13105,"date":"2021-12-02T16:34:16","date_gmt":"2021-12-02T15:34:16","guid":{"rendered":"https:\/\/newmoteuretsens.e-madgin.com\/?post_type=product&#038;p=13105"},"modified":"2021-12-13T17:27:57","modified_gmt":"2021-12-13T16:27:57","slug":"lamborghini-gallardo-lp560-4-boite-mecanique","status":"publish","type":"product","link":"https:\/\/newmoteuretsens.e-madgin.com\/index.php\/produit\/lamborghini-gallardo-lp560-4-boite-mecanique\/","title":{"rendered":"LAMBORGHINI Gallardo LP560-4 Boite M\u00e9canique"},"content":{"rendered":"<p>Apparu en 2003, sous la coupe du groupe Audi, la Gallardo a marqu\u00e9 le renouveau de la marque au taureau. Son V10 atmosph\u00e9rique de 500ch et ses quatre roues motrices ont directement convaincu un grand nombre d&rsquo;amateurs de sportives. Cinq ans apr\u00e8s ce glorieux lancement, Lamborghini a pr\u00e9sent\u00e9 la Gallardo LP560-4, d\u00e9veloppant 560 ch et adoptant de nombreuses modifications de ch\u00e2ssis et trains roulants.<\/p>\n<p>&nbsp;<\/p>\n<p>L&rsquo;exemplaire que nous sommes fi\u00e8res de vous proposer aujourd&rsquo;hui est rarissime car celui-ci est \u00e9quip\u00e9e de la boite m\u00e9canique \u00e0 six rapports avec grille en \u00ab\u00a0H\u00a0\u00bb. La marque de Bologne n&rsquo;a jamais vraiment communiqu\u00e9 de chiffres exactes mais il semblerait qu&rsquo;il n&rsquo;y ai qu&rsquo;une dizaine de Gallardo 560-4 dans le monde \u00e9quip\u00e9e de cette transmission. Au del\u00e0 du plaisir de conduite enivrant d&rsquo;un V10 atmosph\u00e9rique coupl\u00e9 \u00e0 une boite m\u00e9canique, cette association fait de cette voiture un v\u00e9ritable collector ! Cette auto est en excellent \u00e9tat et a toujours \u00e9t\u00e9 exclusivement entretenue en concessions Lamborghini d&rsquo;o\u00f9 elle sort fraichement de r\u00e9vision. Sa couleur Bleu Fontus se marie magnifiquement bien avec l&rsquo;habitacle de couleur beige.<\/p>\n","protected":false},"excerpt":{"rendered":"<ul>\n<li>Syst\u00e8me de levage de l&rsquo;essieu avant<\/li>\n<li>Cam\u00e9ra de recul<\/li>\n<li>Jantes peintes en noir<\/li>\n<li>Carnet d&rsquo;entretien<\/li>\n<li>Facture d&rsquo;entretien<\/li>\n<li>Si\u00e8ges chauffants<\/li>\n<li>Si\u00e8ges \u00e9lectriques<\/li>\n<li>Sellerie cuir avec piquage en losange<\/li>\n<li>Ciel de toit en Alcantara surpiqu\u00e9 losanges<\/li>\n<li>Etriers de freins Jaune<\/li>\n<\/ul>\n","protected":false},"featured_media":13106,"comment_status":"open","ping_status":"closed","template":"","meta":[],"product_cat":[29],"product_tag":[],"class_list":["post-13105","product","type-product","status-publish","has-post-thumbnail","hentry","product_cat-lamborghini","entry","has-media"],"_links":{"self":[{"href":"https:\/\/newmoteuretsens.e-madgin.com\/index.php\/wp-json\/wp\/v2\/product\/13105","targetHints":{"allow":["GET"]}}],"collection":[{"href":"https:\/\/newmoteuretsens.e-madgin.com\/index.php\/wp-json\/wp\/v2\/product"}],"about":[{"href":"https:\/\/newmoteuretsens.e-madgin.com\/index.php\/wp-json\/wp\/v2\/types\/product"}],"replies":[{"embeddable":true,"href":"https:\/\/newmoteuretsens.e-madgin.com\/index.php\/wp-json\/wp\/v2\/comments?post=13105"}],"wp:featuredmedia":[{"embeddable":true,"href":"https:\/\/newmoteuretsens.e-madgin.com\/index.php\/wp-json\/wp\/v2\/media\/13106"}],"wp:attachment":[{"href":"https:\/\/newmoteuretsens.e-madgin.com\/index.php\/wp-json\/wp\/v2\/media?parent=13105"}],"wp:term":[{"taxonomy":"product_cat","embeddable":true,"href":"https:\/\/newmoteuretsens.e-madgin.com\/index.php\/wp-json\/wp\/v2\/product_cat?post=13105"},{"taxonomy":"product_tag","embeddable":true,"href":"https:\/\/newmoteuretsens.e-madgin.com\/index.php\/wp-json\/wp\/v2\/product_tag?post=13105"}],"curies":[{"name":"wp","href":"https:\/\/api.w.org\/{rel}","templated":true}]}}