{"id":13054,"date":"2021-12-01T18:44:08","date_gmt":"2021-12-01T17:44:08","guid":{"rendered":"https:\/\/newmoteuretsens.e-madgin.com\/?post_type=product&#038;p=13054"},"modified":"2021-12-08T15:02:36","modified_gmt":"2021-12-08T14:02:36","slug":"porsche-911-type-993-rs-3-8-touring","status":"publish","type":"product","link":"https:\/\/newmoteuretsens.e-madgin.com\/index.php\/produit\/porsche-911-type-993-rs-3-8-touring\/","title":{"rendered":"PORSCHE 911 TYPE 993 RS 3.8 TOURING"},"content":{"rendered":"<p>Chez Porsche, la g\u00e9n\u00e9ration 993 est consid\u00e9r\u00e9e par certains puriste comme la derni\u00e8re \u00ab\u00a0vraie\u00a0\u00bb 911 (car refroidi par air). La base m\u00e9canique de la Porsche 993 Carrera RS est le bien connu 3.6 inaugur\u00e9 par la g\u00e9n\u00e9ration 964, qui s&rsquo;est vu r\u00e9al\u00e9s\u00e9e pour atteindre 3.8 de cylindr\u00e9e. Cette RS dissimule une technologie plus \u00e9volu\u00e9e qui lui conf\u00e8re une v\u00e9ritable \u00e9volution au niveau des trains roulants et de son comportement dynamique. Le freinage est issu de la 911 Turbo, les jantes de 18&Prime; de la 964 turbo 3.6 reprises sur la Cup sont de nouveau de la partie. Produite \u00e0 seulement 1014 exemplaires, la 993 RS est un v\u00e9ritable collector. Notre exemplaire est pr\u00e9sent\u00e9 en version Touring et est \u00e9quip\u00e9 du pack Clubsport ext\u00e9rieur. La voiture est dans un \u00e9tat exceptionnel et Walter R\u00f6hrl en personne a appos\u00e9 sa signature sur la trappe \u00e0 essence ainsi que sur la boite \u00e0 gants. Tous les alignements et peintures sont parfaits, une expertise a r\u00e9cemment \u00e9t\u00e9 r\u00e9alis\u00e9e et un entretiens sera fait chez Porsche pour la vente.<\/p>\n","protected":false},"excerpt":{"rendered":"<ul>\n<li>Climatisation<\/li>\n<li>Pack Clubsport ext\u00e9rieur<\/li>\n<li>Si\u00e8ges baquets<\/li>\n<li>Jantes RS 18&prime;<\/li>\n<li>R\u00e9servoir 75 litres<\/li>\n<\/ul>\n","protected":false},"featured_media":13055,"comment_status":"open","ping_status":"closed","template":"","meta":[],"product_cat":[21],"product_tag":[],"class_list":["post-13054","product","type-product","status-publish","has-post-thumbnail","hentry","product_cat-porsche","entry","has-media"],"_links":{"self":[{"href":"https:\/\/newmoteuretsens.e-madgin.com\/index.php\/wp-json\/wp\/v2\/product\/13054","targetHints":{"allow":["GET"]}}],"collection":[{"href":"https:\/\/newmoteuretsens.e-madgin.com\/index.php\/wp-json\/wp\/v2\/product"}],"about":[{"href":"https:\/\/newmoteuretsens.e-madgin.com\/index.php\/wp-json\/wp\/v2\/types\/product"}],"replies":[{"embeddable":true,"href":"https:\/\/newmoteuretsens.e-madgin.com\/index.php\/wp-json\/wp\/v2\/comments?post=13054"}],"wp:featuredmedia":[{"embeddable":true,"href":"https:\/\/newmoteuretsens.e-madgin.com\/index.php\/wp-json\/wp\/v2\/media\/13055"}],"wp:attachment":[{"href":"https:\/\/newmoteuretsens.e-madgin.com\/index.php\/wp-json\/wp\/v2\/media?parent=13054"}],"wp:term":[{"taxonomy":"product_cat","embeddable":true,"href":"https:\/\/newmoteuretsens.e-madgin.com\/index.php\/wp-json\/wp\/v2\/product_cat?post=13054"},{"taxonomy":"product_tag","embeddable":true,"href":"https:\/\/newmoteuretsens.e-madgin.com\/index.php\/wp-json\/wp\/v2\/product_tag?post=13054"}],"curies":[{"name":"wp","href":"https:\/\/api.w.org\/{rel}","templated":true}]}}