{"id":13006,"date":"2021-12-01T14:32:30","date_gmt":"2021-12-01T13:32:30","guid":{"rendered":"https:\/\/newmoteuretsens.e-madgin.com\/?post_type=product&#038;p=13006"},"modified":"2021-12-01T14:32:30","modified_gmt":"2021-12-01T13:32:30","slug":"porsche-911-3-2l-speedster-narrow-body","status":"publish","type":"product","link":"https:\/\/newmoteuretsens.e-madgin.com\/index.php\/produit\/porsche-911-3-2l-speedster-narrow-body\/","title":{"rendered":"PORSCHE 911 3.2L SPEEDSTER NARROW-BODY"},"content":{"rendered":"<p>En 1989, l&rsquo;appellation Speedster (en hommage \u00e0 la premi\u00e8re 356 Speedster des ann\u00e9es 1950) ressuscite chez Porsche et marque le chant du cygne de la la g\u00e9n\u00e9ration des 911 Type G. Avec son pare-brise plus bas de 8 cm et plus inclin\u00e9 de 5\u00b0 par rapport au cabriolet standard, cette voiture affichait une allure minimaliste et pesait 70 kg de moins. Les places arri\u00e8res sont supprim\u00e9es et remplac\u00e9es par un couvre-capote \u00e0 double bosselage qui, en baissant l&rsquo;avant et soulevant l\u00e9g\u00e8rement l&rsquo;arri\u00e8re, permet d&rsquo;am\u00e9liorer l&rsquo;a\u00e9rodynamique. \u00c9quip\u00e9 du moteur Porsche Flat 6 de 3,2 litres et d\u00e9veloppant 231 CH, le Speedster s\u2019appuis sur la plateforme de la 911 Carrera 2 d&rsquo;\u00e9poque, avec une suspension aux sp\u00e9cifications \u00ab Turbo \u00bb.<\/p>\n<p>&nbsp;<\/p>\n<p>Sur la production totale de 2 200 voitures, seulement 171 ont \u00e9t\u00e9 dot\u00e9es de la carrosserie \u00e9troite, ce qui fait de ce Speedster \u00ab non Turbo-Look \u00bb une voiture particuli\u00e8rement d\u00e9sirable pour les collectionneurs.<\/p>\n<p>&nbsp;<\/p>\n<p>L&rsquo;exemplaire que nous vous proposons aujourd&rsquo;hui fait parti des 8% de la production des Speedster caisse \u00e9troite. La voiture est dans un \u00e9tat exceptionnel avec un suivi chez Porsche.<\/p>\n","protected":false},"excerpt":{"rendered":"<ul>\n<li>Sellerie Cuir<\/li>\n<li>Syst\u00e8me d&rsquo;air conditionn\u00e9<\/li>\n<\/ul>\n","protected":false},"featured_media":13007,"comment_status":"open","ping_status":"closed","template":"","meta":[],"product_cat":[21],"product_tag":[],"class_list":["post-13006","product","type-product","status-publish","has-post-thumbnail","hentry","product_cat-porsche","entry","has-media"],"_links":{"self":[{"href":"https:\/\/newmoteuretsens.e-madgin.com\/index.php\/wp-json\/wp\/v2\/product\/13006","targetHints":{"allow":["GET"]}}],"collection":[{"href":"https:\/\/newmoteuretsens.e-madgin.com\/index.php\/wp-json\/wp\/v2\/product"}],"about":[{"href":"https:\/\/newmoteuretsens.e-madgin.com\/index.php\/wp-json\/wp\/v2\/types\/product"}],"replies":[{"embeddable":true,"href":"https:\/\/newmoteuretsens.e-madgin.com\/index.php\/wp-json\/wp\/v2\/comments?post=13006"}],"wp:featuredmedia":[{"embeddable":true,"href":"https:\/\/newmoteuretsens.e-madgin.com\/index.php\/wp-json\/wp\/v2\/media\/13007"}],"wp:attachment":[{"href":"https:\/\/newmoteuretsens.e-madgin.com\/index.php\/wp-json\/wp\/v2\/media?parent=13006"}],"wp:term":[{"taxonomy":"product_cat","embeddable":true,"href":"https:\/\/newmoteuretsens.e-madgin.com\/index.php\/wp-json\/wp\/v2\/product_cat?post=13006"},{"taxonomy":"product_tag","embeddable":true,"href":"https:\/\/newmoteuretsens.e-madgin.com\/index.php\/wp-json\/wp\/v2\/product_tag?post=13006"}],"curies":[{"name":"wp","href":"https:\/\/api.w.org\/{rel}","templated":true}]}}