{"id":1284,"date":"2021-09-15T19:45:11","date_gmt":"2021-09-15T17:45:11","guid":{"rendered":"https:\/\/newmoteuretsens.e-madgin.com\/?post_type=product&#038;p=1284"},"modified":"2021-12-13T14:52:54","modified_gmt":"2021-12-13T13:52:54","slug":"bmw-serie-8-gran-coupe-m850ia-xdrive-g16","status":"publish","type":"product","link":"https:\/\/newmoteuretsens.e-madgin.com\/index.php\/produit\/bmw-serie-8-gran-coupe-m850ia-xdrive-g16\/","title":{"rendered":"BMW &#8211; S\u00e9rie 8 Gran Coup\u00e9 M850iA xDrive (G16)"},"content":{"rendered":"<p>La BMW S\u00e9rie 8 est un peu la limousine de la marque Munichoise, mais qui dit limousine dit aussi dynamisme chez BMW et c&rsquo;est ce qui surprend le plus sur cette nouvelle g\u00e9n\u00e9ration. De s\u00e9rie, on y retrouve les Freins sport M, la direction active int\u00e9grale, les Suspensions M adaptative, le moteur d\u00e9livre 750nm de couple pour 530ch et une panoplie de puces savantes permettent de masquer le poids de cette musculeuse S\u00e9rie 8. Cette auto vous invite \u00e0 la conduite rapide mais aussi et surtout \u00e0 vous relaxer en tant que passager. Le confort est princier et elle saura avaler les grand trajets sans m\u00eame que vous vous en rendiez compte. Enfin l&rsquo;\u00e9quipement est pl\u00e9thorique ! Surtout sur notre auto, Fran\u00e7aise d&rsquo;origine et extr\u00eamement bien configur\u00e9e. Elle saura donc allier famille et business \u00e0 un certain rythme et avec une distinction \u00e9vidente. Voiture \u00e0 jour de r\u00e9vision (derni\u00e8re en12\/2020 \u00e0 24300km) et en parfait \u00e9tat g\u00e9n\u00e9ral.<\/p>\n","protected":false},"excerpt":{"rendered":"<p>La BMW S\u00e9rie 8 est un peu la limousine de la marque Munichoise, mais qui dit limousine dit aussi dynamisme chez BMW et c&rsquo;est ce qui surprend le plus sur cette nouvelle g\u00e9n\u00e9ration. De s\u00e9rie, on y retrouve les Freins sport M, la direction active int\u00e9grale, les Suspensions M adaptative, le moteur d\u00e9livre 750nm de [&hellip;]<\/p>\n","protected":false},"featured_media":1285,"comment_status":"open","ping_status":"closed","template":"","meta":[],"product_cat":[17],"product_tag":[],"class_list":["post-1284","product","type-product","status-publish","has-post-thumbnail","hentry","product_cat-bmw","entry","has-media"],"_links":{"self":[{"href":"https:\/\/newmoteuretsens.e-madgin.com\/index.php\/wp-json\/wp\/v2\/product\/1284","targetHints":{"allow":["GET"]}}],"collection":[{"href":"https:\/\/newmoteuretsens.e-madgin.com\/index.php\/wp-json\/wp\/v2\/product"}],"about":[{"href":"https:\/\/newmoteuretsens.e-madgin.com\/index.php\/wp-json\/wp\/v2\/types\/product"}],"replies":[{"embeddable":true,"href":"https:\/\/newmoteuretsens.e-madgin.com\/index.php\/wp-json\/wp\/v2\/comments?post=1284"}],"wp:featuredmedia":[{"embeddable":true,"href":"https:\/\/newmoteuretsens.e-madgin.com\/index.php\/wp-json\/wp\/v2\/media\/1285"}],"wp:attachment":[{"href":"https:\/\/newmoteuretsens.e-madgin.com\/index.php\/wp-json\/wp\/v2\/media?parent=1284"}],"wp:term":[{"taxonomy":"product_cat","embeddable":true,"href":"https:\/\/newmoteuretsens.e-madgin.com\/index.php\/wp-json\/wp\/v2\/product_cat?post=1284"},{"taxonomy":"product_tag","embeddable":true,"href":"https:\/\/newmoteuretsens.e-madgin.com\/index.php\/wp-json\/wp\/v2\/product_tag?post=1284"}],"curies":[{"name":"wp","href":"https:\/\/api.w.org\/{rel}","templated":true}]}}