{"id":12525,"date":"2021-11-24T12:32:25","date_gmt":"2021-11-24T11:32:25","guid":{"rendered":"https:\/\/newmoteuretsens.e-madgin.com\/?post_type=product&#038;p=12525"},"modified":"2021-11-29T15:06:30","modified_gmt":"2021-11-29T14:06:30","slug":"audi-r8-v8-boite-mecanique-6-rapports","status":"publish","type":"product","link":"https:\/\/newmoteuretsens.e-madgin.com\/index.php\/produit\/audi-r8-v8-boite-mecanique-6-rapports\/","title":{"rendered":"AUDI &#8211; R8 V8 Boite m\u00e9canique 6 Rapports"},"content":{"rendered":"<p>La R8 est un mod\u00e8le pionnier dans la gamme de la marque aux anneaux car elle est la premi\u00e8re voiture de sport \u00e0 moteur centrale arri\u00e8re. Son nom emprunt\u00e9 de la voiture de course victorieuse au 24H du mans en dit long sur les ambitions de cette b\u00eate au look et aux proportions de supercars ! Plus de 15 ans apr\u00e8s sa sortie, ses lignes pures et si particuli\u00e8res n&rsquo;ont pas pris une ride. Son moteur V8 4.2 FSI implant\u00e9 dans cette sublime baie moteur visible de l&rsquo;ext\u00e9rieure vient de l&rsquo;Audi RS4 et d\u00e9veloppe ici 420CH.<\/p>\n<p>Disponible avec la boite simple embrayage R-Tronic souvent critiqu\u00e9e, certains exemplaires ont \u00e9t\u00e9 configur\u00e9s avec la merveilleuse boite m\u00e9canique 6 rapports avec \u00ab\u00a0grille en H\u00a0\u00bb qui gratifie chaque passage de rapport d&rsquo;un petit tintement. L&rsquo;exemplaire que nous vous proposons aujourd&rsquo;hui. en est pourvue. Il s&rsquo;agit d&rsquo;une voiture fran\u00e7aise d&rsquo;origine en parfait et merveilleusement \u00e9quip\u00e9e. Un \u00e9chappement EvoX \u00e0 Valve a \u00e9t\u00e9 install\u00e9, gommant le seul b\u00e9mol de la R8 d&rsquo;origine qui \u00e9tait un peu aphone. La derni\u00e8re r\u00e9vision chez Audi date du 08\/2021 \u00e0 67 000 km o\u00f9 les 4 pneus ont \u00e9t\u00e9 remplac\u00e9s.<\/p>\n","protected":false},"excerpt":{"rendered":"<div class=\"options\">\n<ul>\n<li>Bang &amp; Olufsen<\/li>\n<li>Pack Carbone int\u00e9rieur<\/li>\n<li>Pack Carbone ext\u00e9rieur<\/li>\n<li>R\u00e9gulateur de vitesse<\/li>\n<li>Int\u00e9rieur cuir\/alcantara<\/li>\n<li>Radars de stationnement avant et arri\u00e8re<\/li>\n<li>Carnet d&rsquo;entretien<\/li>\n<li>Factures d&rsquo;entretien<\/li>\n<li>Si\u00e8ges chauffants<\/li>\n<li>Si\u00e8ges \u00e9lectriques<\/li>\n<li>Syst\u00e8me de navigation<\/li>\n<li>Feux AR Facelift<\/li>\n<li>Echappement EvoX \u00e0 Valves<\/li>\n<li>Sideblades carbone<\/li>\n<li>Eclairage baie moteur<\/li>\n<li>Audi Magnetic Ride<\/li>\n<li>Boite m\u00e9canique 6 rapports<\/li>\n<\/ul>\n<\/div>\n<div class=\"config\"><\/div>\n","protected":false},"featured_media":12526,"comment_status":"open","ping_status":"closed","template":"","meta":[],"product_cat":[20],"product_tag":[],"class_list":["post-12525","product","type-product","status-publish","has-post-thumbnail","hentry","product_cat-audi","entry","has-media"],"_links":{"self":[{"href":"https:\/\/newmoteuretsens.e-madgin.com\/index.php\/wp-json\/wp\/v2\/product\/12525","targetHints":{"allow":["GET"]}}],"collection":[{"href":"https:\/\/newmoteuretsens.e-madgin.com\/index.php\/wp-json\/wp\/v2\/product"}],"about":[{"href":"https:\/\/newmoteuretsens.e-madgin.com\/index.php\/wp-json\/wp\/v2\/types\/product"}],"replies":[{"embeddable":true,"href":"https:\/\/newmoteuretsens.e-madgin.com\/index.php\/wp-json\/wp\/v2\/comments?post=12525"}],"wp:featuredmedia":[{"embeddable":true,"href":"https:\/\/newmoteuretsens.e-madgin.com\/index.php\/wp-json\/wp\/v2\/media\/12526"}],"wp:attachment":[{"href":"https:\/\/newmoteuretsens.e-madgin.com\/index.php\/wp-json\/wp\/v2\/media?parent=12525"}],"wp:term":[{"taxonomy":"product_cat","embeddable":true,"href":"https:\/\/newmoteuretsens.e-madgin.com\/index.php\/wp-json\/wp\/v2\/product_cat?post=12525"},{"taxonomy":"product_tag","embeddable":true,"href":"https:\/\/newmoteuretsens.e-madgin.com\/index.php\/wp-json\/wp\/v2\/product_tag?post=12525"}],"curies":[{"name":"wp","href":"https:\/\/api.w.org\/{rel}","templated":true}]}}