{"id":12285,"date":"2021-11-22T12:59:19","date_gmt":"2021-11-22T11:59:19","guid":{"rendered":"https:\/\/newmoteuretsens.e-madgin.com\/?post_type=product&#038;p=12285"},"modified":"2021-12-13T14:49:58","modified_gmt":"2021-12-13T13:49:58","slug":"porsche-718-spyder","status":"publish","type":"product","link":"https:\/\/newmoteuretsens.e-madgin.com\/index.php\/produit\/porsche-718-spyder\/","title":{"rendered":"PORSCHE &#8211; 718 Spyder"},"content":{"rendered":"<p>En deux temps trois mouvements, on se sent comme \u00e0 la maison tant la position de conduite, l\u2019ergonomie des commandes et l\u2019excellent ressenti au touch\u00e9 du volant, les freins et la boite manuelle mettent en confiance ! Une fois au volant, le 718 Spyder s\u00e9duit rapidement par son agr\u00e9ment m\u00e9canique. Tandis que la commande de bo\u00eete s\u00e9duit par ses d\u00e9battements courts et pr\u00e9cis, la r\u00e9ponse du moteur est imm\u00e9diate. L&rsquo;exemplaire que nous proposons dans cette configuration Jaune Racing, int\u00e9rieur tout cuir noir, est une premi\u00e8re main d&rsquo;origine fran\u00e7aise. Il est en parfait \u00e9tat avec un suivi Porsche uniquement (Derni\u00e8re r\u00e9vision en Novembre 2021 \u00e0 15 462km)<\/p>\n","protected":false},"excerpt":{"rendered":"<ul>\n<li>Capote noire<\/li>\n<li>Coutures d\u00e9coratives en jaune<\/li>\n<li>Si\u00e8ges chauffants<\/li>\n<li>R\u00e9gulateur de vitesse<\/li>\n<li>Options multifonction et chauffage du volant<\/li>\n<li>Habillage de l&rsquo;arceau de s\u00e9curit\u00e9 peint en jaune couleur ext\u00e9rieure<\/li>\n<li>Pack Luminosit\u00e9<\/li>\n<li>Assistance parking avant et arri\u00e8re avec cam\u00e9ra de recul<\/li>\n<li>R\u00e9troviseurs rabattables \u00e9lectriquement<\/li>\n<li>Pack additionnel int\u00e9rieur panneaux de porte en cuir\/alcantara<\/li>\n<li>Cl\u00e9 du v\u00e9hicule peinte et \u00e9tui \u00e0 cl\u00e9 en cuir<\/li>\n<li>Pack int\u00e9rieur carbone<\/li>\n<li>si\u00e8ges baquets sport<\/li>\n<li>R\u00e9troviseurs int\u00e9rieur et ext\u00e9rieur anti-\u00e9blouissement avec capteur de pluie int\u00e9gr\u00e9<\/li>\n<li>Etriers de frein noir, finition brillante<\/li>\n<li>Jantes peintes en noir<\/li>\n<li>Phares Bi-X\u00e9non teint\u00e9s incluant le PDLS<\/li>\n<li>Fond de compteur en jaune Racing<\/li>\n<li>Fond de chronom\u00e8tre en jaune Racing<\/li>\n<li>Ceinture de s\u00e9curit\u00e9 jaune Racing<\/li>\n<li>Pare-soleil en alcantara<\/li>\n<li>Gicleurs de lave-phare peints en couleur ext\u00e9rieure<\/li>\n<li>Baguettes de seuil de porte en carbone, illumin\u00e9es<\/li>\n<li>Bouchon de r\u00e9servoir en AluDesign<\/li>\n<\/ul>\n","protected":false},"featured_media":12286,"comment_status":"open","ping_status":"closed","template":"","meta":[],"product_cat":[21],"product_tag":[],"class_list":["post-12285","product","type-product","status-publish","has-post-thumbnail","hentry","product_cat-porsche","entry","has-media"],"_links":{"self":[{"href":"https:\/\/newmoteuretsens.e-madgin.com\/index.php\/wp-json\/wp\/v2\/product\/12285","targetHints":{"allow":["GET"]}}],"collection":[{"href":"https:\/\/newmoteuretsens.e-madgin.com\/index.php\/wp-json\/wp\/v2\/product"}],"about":[{"href":"https:\/\/newmoteuretsens.e-madgin.com\/index.php\/wp-json\/wp\/v2\/types\/product"}],"replies":[{"embeddable":true,"href":"https:\/\/newmoteuretsens.e-madgin.com\/index.php\/wp-json\/wp\/v2\/comments?post=12285"}],"wp:featuredmedia":[{"embeddable":true,"href":"https:\/\/newmoteuretsens.e-madgin.com\/index.php\/wp-json\/wp\/v2\/media\/12286"}],"wp:attachment":[{"href":"https:\/\/newmoteuretsens.e-madgin.com\/index.php\/wp-json\/wp\/v2\/media?parent=12285"}],"wp:term":[{"taxonomy":"product_cat","embeddable":true,"href":"https:\/\/newmoteuretsens.e-madgin.com\/index.php\/wp-json\/wp\/v2\/product_cat?post=12285"},{"taxonomy":"product_tag","embeddable":true,"href":"https:\/\/newmoteuretsens.e-madgin.com\/index.php\/wp-json\/wp\/v2\/product_tag?post=12285"}],"curies":[{"name":"wp","href":"https:\/\/api.w.org\/{rel}","templated":true}]}}