{"id":12224,"date":"2021-06-22T12:45:39","date_gmt":"2021-06-22T10:45:39","guid":{"rendered":"https:\/\/newmoteuretsens.e-madgin.com\/?post_type=product&#038;p=12224"},"modified":"2021-12-13T14:51:58","modified_gmt":"2021-12-13T13:51:58","slug":"jaguar-type-e-serie-1-3-8l","status":"publish","type":"product","link":"https:\/\/newmoteuretsens.e-madgin.com\/index.php\/produit\/jaguar-type-e-serie-1-3-8l\/","title":{"rendered":"JAGUAR &#8211; Type-E S\u00e9rie 1 3.8L"},"content":{"rendered":"<p>Lorsque Jaguar d\u00e9voile sa Type E au salon de Gen\u00e8ve en mars 1961, c&rsquo;est la surprise totale. Surprise, car personne n&rsquo;avait eu d&rsquo;\u00e9l\u00e9ments sur la future GT de la marque de Coventry, et \u00e9galement parce que la ligne de la Type E a totalement subjugu\u00e9 les foules. Sa ligne en fait un collector de choix. Salvador Dali disait d\u2019ailleurs : \u00ab elle est belle comme une femme \u00bb De base, la Type E est la digne descendante de la Type D, trois fois victorieuse aux 24 heures du Mans. Elle poss\u00e8de une architecture assez proche de la Type D, \u00e0 savoir : une caisse arri\u00e8re monocoque sur laquelle vient se greffer, \u00e0 l\u2019avant, un ch\u00e2ssis tubulaire qui supporte les trains roulants, le moteur et la bo\u00eete de vitesses. Notre mod\u00e8le est en tr\u00e8s bel \u00e9tat puisqu&rsquo;une restauration a \u00e9t\u00e9 faite en 2008. Une grosse r\u00e9vision sera faite pour la vente.<\/p>\n","protected":false},"excerpt":{"rendered":"<ul>\n<li>Volant en bois<\/li>\n<li>Capote rouge<\/li>\n<li>Radio<\/li>\n<\/ul>\n","protected":false},"featured_media":12225,"comment_status":"open","ping_status":"closed","template":"","meta":[],"product_cat":[33],"product_tag":[],"class_list":["post-12224","product","type-product","status-publish","has-post-thumbnail","hentry","product_cat-jaguar","entry","has-media"],"_links":{"self":[{"href":"https:\/\/newmoteuretsens.e-madgin.com\/index.php\/wp-json\/wp\/v2\/product\/12224","targetHints":{"allow":["GET"]}}],"collection":[{"href":"https:\/\/newmoteuretsens.e-madgin.com\/index.php\/wp-json\/wp\/v2\/product"}],"about":[{"href":"https:\/\/newmoteuretsens.e-madgin.com\/index.php\/wp-json\/wp\/v2\/types\/product"}],"replies":[{"embeddable":true,"href":"https:\/\/newmoteuretsens.e-madgin.com\/index.php\/wp-json\/wp\/v2\/comments?post=12224"}],"wp:featuredmedia":[{"embeddable":true,"href":"https:\/\/newmoteuretsens.e-madgin.com\/index.php\/wp-json\/wp\/v2\/media\/12225"}],"wp:attachment":[{"href":"https:\/\/newmoteuretsens.e-madgin.com\/index.php\/wp-json\/wp\/v2\/media?parent=12224"}],"wp:term":[{"taxonomy":"product_cat","embeddable":true,"href":"https:\/\/newmoteuretsens.e-madgin.com\/index.php\/wp-json\/wp\/v2\/product_cat?post=12224"},{"taxonomy":"product_tag","embeddable":true,"href":"https:\/\/newmoteuretsens.e-madgin.com\/index.php\/wp-json\/wp\/v2\/product_tag?post=12224"}],"curies":[{"name":"wp","href":"https:\/\/api.w.org\/{rel}","templated":true}]}}