{"id":12150,"date":"2021-11-22T12:45:10","date_gmt":"2021-11-22T11:45:10","guid":{"rendered":"https:\/\/newmoteuretsens.e-madgin.com\/?post_type=product&#038;p=12150"},"modified":"2021-11-22T18:23:48","modified_gmt":"2021-11-22T17:23:48","slug":"mercedes-classe-g63-amg-speedshift-bva","status":"publish","type":"product","link":"https:\/\/newmoteuretsens.e-madgin.com\/index.php\/produit\/mercedes-classe-g63-amg-speedshift-bva\/","title":{"rendered":"MERCEDES &#8211; Classe G63 AMG SPEEDSHIFT BVA"},"content":{"rendered":"<p>Il a failli ne pas na\u00eetre, puis a failli dispara\u00eetre. Pourtant, le Classe G est toujours l\u00e0, quarante ans apr\u00e8s son lancement en 1979. A l&rsquo;\u00e9poque, Mercedes-Benz avait r\u00e9pondu \u00e0 un appel d&rsquo;offre des arm\u00e9es allemandes et autrichiennes qui souhaitaient un tout-terrain apte de se sortir des pires orni\u00e8res du monde. Il est donc pass\u00e9 du statut de v\u00e9hicule militaire \u00e0 celui de 4&#215;4 de luxe, base de toutes les extravagances ! Aujourd&rsquo;hui, le G63 AMG affiche des performances \u00e0 couper le souffle et il b\u00e9n\u00e9ficie de tout un arsenal de technologie de pointe, mais aussi avec un design AMG qui ne laissera personne insensible.<br \/>\nNotre exemplaire en question est absolument incroyable gr\u00e2ce \u00e0 une configuration \u00e9l\u00e9gante \u00e0 l&rsquo;ext\u00e9rieur comme l&rsquo;int\u00e9rieur. Il est peu kilom\u00e9tr\u00e9 et dispose d&rsquo;une longue liste d&rsquo;option.<\/p>\n","protected":false},"excerpt":{"rendered":"<ul>\n<li>Etriers de freins rouges<\/li>\n<li>Affichage t\u00eate haute<\/li>\n<li>Seuil de porte en acier inoxydable AMG<\/li>\n<li>Apple CarPlay<\/li>\n<li>Capteur de pluie<\/li>\n<li>Fermeture centralis\u00e9e<\/li>\n<li>Active lane keeping assist<\/li>\n<li>Burmester 3D Surroung Sound System<\/li>\n<li>Park Assist<\/li>\n<li>Toit coulissant \/ relevable \u00e9lectrique<\/li>\n<li>Eclairage d&rsquo;ambiance<\/li>\n<li>Si\u00e8ges chauffants<\/li>\n<li>Marchepied lat\u00e9ral<\/li>\n<li>Palettes au volant<\/li>\n<li>Tableau de bord cuir Nappa noir<\/li>\n<li>Cam\u00e9ra de recul<\/li>\n<li>Assistance aux panneaux de signalisation<\/li>\n<li>Couvercle de roue<\/li>\n<li>Tapis de sol AMG<\/li>\n<li>Jantes forg\u00e9es AMG 22&Prime; peintes en noir<\/li>\n<li>Garniture de portes int\u00e9rieures en bois<\/li>\n<\/ul>\n","protected":false},"featured_media":12151,"comment_status":"open","ping_status":"closed","template":"","meta":[],"product_cat":[19],"product_tag":[],"class_list":["post-12150","product","type-product","status-publish","has-post-thumbnail","hentry","product_cat-mercedes","entry","has-media"],"_links":{"self":[{"href":"https:\/\/newmoteuretsens.e-madgin.com\/index.php\/wp-json\/wp\/v2\/product\/12150","targetHints":{"allow":["GET"]}}],"collection":[{"href":"https:\/\/newmoteuretsens.e-madgin.com\/index.php\/wp-json\/wp\/v2\/product"}],"about":[{"href":"https:\/\/newmoteuretsens.e-madgin.com\/index.php\/wp-json\/wp\/v2\/types\/product"}],"replies":[{"embeddable":true,"href":"https:\/\/newmoteuretsens.e-madgin.com\/index.php\/wp-json\/wp\/v2\/comments?post=12150"}],"wp:featuredmedia":[{"embeddable":true,"href":"https:\/\/newmoteuretsens.e-madgin.com\/index.php\/wp-json\/wp\/v2\/media\/12151"}],"wp:attachment":[{"href":"https:\/\/newmoteuretsens.e-madgin.com\/index.php\/wp-json\/wp\/v2\/media?parent=12150"}],"wp:term":[{"taxonomy":"product_cat","embeddable":true,"href":"https:\/\/newmoteuretsens.e-madgin.com\/index.php\/wp-json\/wp\/v2\/product_cat?post=12150"},{"taxonomy":"product_tag","embeddable":true,"href":"https:\/\/newmoteuretsens.e-madgin.com\/index.php\/wp-json\/wp\/v2\/product_tag?post=12150"}],"curies":[{"name":"wp","href":"https:\/\/api.w.org\/{rel}","templated":true}]}}