{"id":11589,"date":"2021-11-16T18:21:15","date_gmt":"2021-11-16T17:21:15","guid":{"rendered":"https:\/\/newmoteuretsens.e-madgin.com\/?post_type=product&#038;p=11589"},"modified":"2021-11-22T11:50:16","modified_gmt":"2021-11-22T10:50:16","slug":"porsche-boxster-spyder-981-4","status":"publish","type":"product","link":"https:\/\/newmoteuretsens.e-madgin.com\/index.php\/produit\/porsche-boxster-spyder-981-4\/","title":{"rendered":"PORSCHE &#8211; Boxster Spyder 981"},"content":{"rendered":"<p>Chez Porsche, l&rsquo;appellation \u00ab\u00a0Spyder\u00a0\u00bb est entr\u00e9e dans la l\u00e9gende avec la 550, petit roadster ultra l\u00e9ger rendu c\u00e9l\u00e8bre par James Dean. Certain ont cri\u00e9 au scandale lorsqu&rsquo;elle a \u00e9t\u00e9 reprise pour le Boxster mais son utilisation \u00e9tait pourtant pleinement justifi\u00e9 ! Le programme reprend les grandes lignes, puisqu&rsquo;il pr\u00e9voit un all\u00e8gement g\u00e9n\u00e9ral de l&rsquo;auto, une boite m\u00e9canique proposant une pr\u00e9cision et une simplicit\u00e9 exceptionnelle et un look extr\u00eamement sexy avec un long capot arri\u00e8re \u00e0 double bossage. Le Spyder 981 annonce un poids \u00e0 vide de 1\u2009315 kg, soit 30 kg de moins qu\u2019un Porsche Boxster GTS de 330 ch alors qu&rsquo;il en d\u00e9compte l\u00e0 375 ! Il est difficile de trouver une auto aussi communicative et plaisante pour le budget d&rsquo;une Spyder 981. L&rsquo;exemplaire que nous proposons dans cette configuration exceptionnelle noir int\u00e9rieur cuir\/alcantara est extr\u00eamement bien optionn\u00e9 et sous kilom\u00e9tr\u00e9 ! Il s&rsquo;agit d&rsquo;une premi\u00e8re main, son \u00e9tat est parfait avec un suivi Porsche uniquement (Derni\u00e8re r\u00e9vision en 02\/2020 \u00e0 3500km)<\/p>\n","protected":false},"excerpt":{"rendered":"<div class=\"options\">\n<ul>\n<li>Bluetooth<\/li>\n<li>R\u00e9gulateur de vitesse<\/li>\n<li>Phares LED noir avec PDLS Plus<\/li>\n<li>Etriers de freins rouge<\/li>\n<li>Carnet d&rsquo;entretien<\/li>\n<li>Facture d&rsquo;entretien<\/li>\n<li>Si\u00e8ges chauffants<\/li>\n<li>Climatisation bi-zone<\/li>\n<li>BOSE Surround Sound System<\/li>\n<li>PCM incluant module de navigation<\/li>\n<li>Pack Sport Chrono<\/li>\n<li>Cam\u00e9ra de recul<\/li>\n<li>Pack int\u00e9rieur Spyder Classic<\/li>\n<li>Si\u00e8ges baquets carbone<\/li>\n<li>Bouchon de r\u00e9servoir AluDesign<\/li>\n<li>Homelink<\/li>\n<li>R\u00e9troviseurs anti-\u00e9blouissement<\/li>\n<li>Levier de vitesse carbone<\/li>\n<li>Radio num\u00e9rique<\/li>\n<li>Module de t\u00e9l\u00e9phone pour PCM<\/li>\n<li>R\u00e9servoir 64L<\/li>\n<\/ul>\n<\/div>\n<div class=\"config\"><\/div>\n","protected":false},"featured_media":11590,"comment_status":"open","ping_status":"closed","template":"","meta":[],"product_cat":[21],"product_tag":[],"class_list":["post-11589","product","type-product","status-publish","has-post-thumbnail","hentry","product_cat-porsche","entry","has-media"],"_links":{"self":[{"href":"https:\/\/newmoteuretsens.e-madgin.com\/index.php\/wp-json\/wp\/v2\/product\/11589","targetHints":{"allow":["GET"]}}],"collection":[{"href":"https:\/\/newmoteuretsens.e-madgin.com\/index.php\/wp-json\/wp\/v2\/product"}],"about":[{"href":"https:\/\/newmoteuretsens.e-madgin.com\/index.php\/wp-json\/wp\/v2\/types\/product"}],"replies":[{"embeddable":true,"href":"https:\/\/newmoteuretsens.e-madgin.com\/index.php\/wp-json\/wp\/v2\/comments?post=11589"}],"wp:featuredmedia":[{"embeddable":true,"href":"https:\/\/newmoteuretsens.e-madgin.com\/index.php\/wp-json\/wp\/v2\/media\/11590"}],"wp:attachment":[{"href":"https:\/\/newmoteuretsens.e-madgin.com\/index.php\/wp-json\/wp\/v2\/media?parent=11589"}],"wp:term":[{"taxonomy":"product_cat","embeddable":true,"href":"https:\/\/newmoteuretsens.e-madgin.com\/index.php\/wp-json\/wp\/v2\/product_cat?post=11589"},{"taxonomy":"product_tag","embeddable":true,"href":"https:\/\/newmoteuretsens.e-madgin.com\/index.php\/wp-json\/wp\/v2\/product_tag?post=11589"}],"curies":[{"name":"wp","href":"https:\/\/api.w.org\/{rel}","templated":true}]}}