{"id":1138,"date":"2021-09-14T18:08:36","date_gmt":"2021-09-14T16:08:36","guid":{"rendered":"https:\/\/newmoteuretsens.e-madgin.com\/?post_type=product&#038;p=1138"},"modified":"2022-02-04T13:06:32","modified_gmt":"2022-02-04T12:06:32","slug":"aston-martin-v12-vantage-bvm","status":"publish","type":"product","link":"https:\/\/newmoteuretsens.e-madgin.com\/index.php\/produit\/aston-martin-v12-vantage-bvm\/","title":{"rendered":"ASTON MARTIN &#8211; V12 Vantage BVM"},"content":{"rendered":"<p>La V12 Vantage est devenue avec le temps un mod\u00e8le embl\u00e9matique de la gamme Aston Martin. Sa boite m\u00e9canique, le couple et l&rsquo;allonge de son V12 de 517 chevaux en font une voiture aussi sensationnelle que plaisante \u00e0 piloter. Le challenge \u00e9tait double, implanter le plus gros moteur de la gamme Aston, dans la plus petite plateforme. Le tout en conservant son temp\u00e9rament sportif et son \u00e9quilibre. Le moins que l&rsquo;on puisse dire c&rsquo;est que c&rsquo;est une r\u00e9ussite. En ligne elle est plus galb\u00e9e et agressive sans se d\u00e9partir de son \u00e9l\u00e9gance naturelle. Le moteur fait le reste ! Cet exemplaire particulier est pr\u00e9sent\u00e9 dans une configuration sobre et \u00e9l\u00e9gante noir\/noir, est \u00e9quip\u00e9 du syst\u00e8me audio Bang &amp; Olufsen. Les entretiens ont toujours \u00e9t\u00e9 r\u00e9alis\u00e9s chez Aston Martin et une r\u00e9vision sera faite pour la vente.<\/p>\n","protected":false},"excerpt":{"rendered":"<p>La V12 Vantage est devenue avec le temps un mod\u00e8le embl\u00e9matique de la gamme Aston Martin. Sa boite m\u00e9canique, le couple et l&rsquo;allonge de son V12 de 517 chevaux en font une voiture aussi sensationnelle que plaisante \u00e0 piloter. Le challenge \u00e9tait double, implanter le plus gros moteur de la gamme Aston, dans la plus [&hellip;]<\/p>\n","protected":false},"featured_media":1139,"comment_status":"open","ping_status":"closed","template":"","meta":[],"product_cat":[25],"product_tag":[],"class_list":["post-1138","product","type-product","status-publish","has-post-thumbnail","hentry","product_cat-aston-martin","entry","has-media"],"_links":{"self":[{"href":"https:\/\/newmoteuretsens.e-madgin.com\/index.php\/wp-json\/wp\/v2\/product\/1138","targetHints":{"allow":["GET"]}}],"collection":[{"href":"https:\/\/newmoteuretsens.e-madgin.com\/index.php\/wp-json\/wp\/v2\/product"}],"about":[{"href":"https:\/\/newmoteuretsens.e-madgin.com\/index.php\/wp-json\/wp\/v2\/types\/product"}],"replies":[{"embeddable":true,"href":"https:\/\/newmoteuretsens.e-madgin.com\/index.php\/wp-json\/wp\/v2\/comments?post=1138"}],"wp:featuredmedia":[{"embeddable":true,"href":"https:\/\/newmoteuretsens.e-madgin.com\/index.php\/wp-json\/wp\/v2\/media\/1139"}],"wp:attachment":[{"href":"https:\/\/newmoteuretsens.e-madgin.com\/index.php\/wp-json\/wp\/v2\/media?parent=1138"}],"wp:term":[{"taxonomy":"product_cat","embeddable":true,"href":"https:\/\/newmoteuretsens.e-madgin.com\/index.php\/wp-json\/wp\/v2\/product_cat?post=1138"},{"taxonomy":"product_tag","embeddable":true,"href":"https:\/\/newmoteuretsens.e-madgin.com\/index.php\/wp-json\/wp\/v2\/product_tag?post=1138"}],"curies":[{"name":"wp","href":"https:\/\/api.w.org\/{rel}","templated":true}]}}