{"id":11009,"date":"2021-11-10T11:26:48","date_gmt":"2021-11-10T10:26:48","guid":{"rendered":"https:\/\/newmoteuretsens.e-madgin.com\/?post_type=product&#038;p=11009"},"modified":"2021-12-08T15:04:38","modified_gmt":"2021-12-08T14:04:38","slug":"lamborghini-gallardo-lp500-4","status":"publish","type":"product","link":"https:\/\/newmoteuretsens.e-madgin.com\/index.php\/produit\/lamborghini-gallardo-lp500-4\/","title":{"rendered":"LAMBORGHINI &#8211; Gallardo LP500-4"},"content":{"rendered":"<p>Apparu en 2003, sous la coupe du groupe Audi, la Gallardo a marqu\u00e9 le renouveau de la marque au taureau. Son V10 atmosph\u00e9rique de 500ch et ses quatre roues motrices ont directement convaincu un grand nombre d&rsquo;amateurs de sportives. La ligne de la voiture est juste \u00e0 tomber et sa sonorit\u00e9 est \u00e9poustouflante. En termes de conduite, la Gallardo fait un bon en avant radicale dans la polyvalence d&rsquo;utilisation, la direction est plus l\u00e9g\u00e8re, plus pr\u00e9cise et le comportement global est plus dynamique. A l&rsquo;int\u00e9rieur aussi la modernit\u00e9 a fait son chemin, le conducteur a plus de place, plus de visibilit\u00e9 et pus de confort, on peut enfin faire de vrai trajet en Lamborghini ! Notre exemplaire est \u00e9quip\u00e9e de la boite E-Gear (Option factur\u00e9 10K\u20ac \u00e0 sa sortie), elle est Fran\u00e7aise d&rsquo;origine et avec un entretien suivi.<\/p>\n","protected":false},"excerpt":{"rendered":"<ul>\n<li>Syst\u00e8me de levage de l&rsquo;essieu avant<\/li>\n<li>Cam\u00e9ra de recul<\/li>\n<li>Carnet d&rsquo;entretien<\/li>\n<li>Facture d&rsquo;entretien<\/li>\n<li>Si\u00e8ges \u00e9lectriques<\/li>\n<li>Syst\u00e8me de navigation<\/li>\n<li>R\u00e9troviseurs rabattables \u00e9lectriquement<\/li>\n<li>Surpiq\u00fbres gris clair<\/li>\n<\/ul>\n","protected":false},"featured_media":11010,"comment_status":"open","ping_status":"closed","template":"","meta":[],"product_cat":[29],"product_tag":[],"class_list":["post-11009","product","type-product","status-publish","has-post-thumbnail","hentry","product_cat-lamborghini","entry","has-media"],"_links":{"self":[{"href":"https:\/\/newmoteuretsens.e-madgin.com\/index.php\/wp-json\/wp\/v2\/product\/11009","targetHints":{"allow":["GET"]}}],"collection":[{"href":"https:\/\/newmoteuretsens.e-madgin.com\/index.php\/wp-json\/wp\/v2\/product"}],"about":[{"href":"https:\/\/newmoteuretsens.e-madgin.com\/index.php\/wp-json\/wp\/v2\/types\/product"}],"replies":[{"embeddable":true,"href":"https:\/\/newmoteuretsens.e-madgin.com\/index.php\/wp-json\/wp\/v2\/comments?post=11009"}],"wp:featuredmedia":[{"embeddable":true,"href":"https:\/\/newmoteuretsens.e-madgin.com\/index.php\/wp-json\/wp\/v2\/media\/11010"}],"wp:attachment":[{"href":"https:\/\/newmoteuretsens.e-madgin.com\/index.php\/wp-json\/wp\/v2\/media?parent=11009"}],"wp:term":[{"taxonomy":"product_cat","embeddable":true,"href":"https:\/\/newmoteuretsens.e-madgin.com\/index.php\/wp-json\/wp\/v2\/product_cat?post=11009"},{"taxonomy":"product_tag","embeddable":true,"href":"https:\/\/newmoteuretsens.e-madgin.com\/index.php\/wp-json\/wp\/v2\/product_tag?post=11009"}],"curies":[{"name":"wp","href":"https:\/\/api.w.org\/{rel}","templated":true}]}}