{"id":10853,"date":"2021-11-09T15:22:55","date_gmt":"2021-11-09T14:22:55","guid":{"rendered":"https:\/\/newmoteuretsens.e-madgin.com\/?post_type=product&#038;p=10853"},"modified":"2022-01-15T12:06:55","modified_gmt":"2022-01-15T11:06:55","slug":"aston-martin-dbx","status":"publish","type":"product","link":"https:\/\/newmoteuretsens.e-madgin.com\/index.php\/produit\/aston-martin-dbx\/","title":{"rendered":"ASTON MARTIN &#8211; DBX 4.0 BITURBO V8"},"content":{"rendered":"<p>Partis d&rsquo;une feuille blanche, les d\u00e9veloppeurs auront donc mis 4 ans pour mettre au point le DBX. Leur objectif \u00e9tait simple : offrir la polyvalence et le confort d\u2019un SUV avec les performances et un dynamisme d\u2019une voiture de sport. Et c&rsquo;est chose faite ! Associ\u00e9 \u00e0 une boite automatique 9 rapports, le moteur de 550 chevaux est capable de faire 0 \u00e0 100 km\/h en seulement 4,5 secondes et atteint sa vitesse maximale \u00e0 291 km\/h. Performant mais aussi polyvalent puisque gr\u00e2ce notamment \u00e0 sa suspension pneumatique, Si vous pr\u00e9f\u00e9rez augmenter le rythme, le DBX saura r\u00e9pondre \u00e0 vos envies puisqu\u2019il profite bien entendu d\u2019un ch\u00e2ssis de sportive avec notamment : un ch\u00e2ssis en aluminium, des barres antiroulis actives, un diff\u00e9rentiel autobloquant \u00e9lectronique \u00e0 l&rsquo;arri\u00e8re\u2026 Le DBX parvient parfaitement \u00e0 concilier confort et sportivit\u00e9. Une fois \u00e0 l&rsquo;int\u00e9rieur, le DBX est un v\u00e9ritable \u00e9crin luxueux. L\u2019habitacle fabriqu\u00e9 \u00e0 la main, est con\u00e7u pour privil\u00e9gier l\u2019espace. Les cuirs pleine fleur, les placages en bois, en composite ou en m\u00e9taux raffin\u00e9s permettent d\u2019adapter l\u2019habitacle \u00e0 tous les go\u00fbts. Sans oublier des technologies de s\u00e9curit\u00e9 comme le r\u00e9gulateur adaptatif, le freinage automatique d&rsquo;urgence, le maintien dans la voie, le d\u00e9tecteur d&rsquo;angles morts, la cam\u00e9ra 360 degr\u00e9s, un ESC sp\u00e9cifique et des modes de conduite Terrain, le DBX peut s&rsquo;aventurer hors des sentiers battus. Notre mod\u00e8le est dot\u00e9 d&rsquo;une incroyable peinture contemporaine bleu Sabiro avec un int\u00e9rieur cuir et surpiq\u00fbres contrastantes, bref, l&rsquo;\u00e9l\u00e9gance anglaise \u00e0 l&rsquo;\u00e9tat pur !<\/p>\n","protected":false},"excerpt":{"rendered":"<div class=\"options\">\n<ul>\n<li>Aston martin Premium audio<\/li>\n<li>Colour Keyed Boot Carpet to Interior Carpet<\/li>\n<li>Brake calipers &#8211; Grey<\/li>\n<li>Carpet Colour &#8211; Contemporary<\/li>\n<li>Paint &#8211; Contemporary<\/li>\n<li>Heavy Pile Floor mats<\/li>\n<li>Headlining &#8211; Contemporary Alcantara<\/li>\n<li>Bright Bonnet Meshes<\/li>\n<li>Seatbelts &#8211; Graphite<\/li>\n<li>Dark Chrome Jewellery Pack<\/li>\n<li>Contrast Stitching<\/li>\n<li>Heated Sports Steering Wheel<\/li>\n<li>Indulgence Packs<\/li>\n<li>Convenience Pack for Towbar \/ Carbon Low<\/li>\n<li>DB Elegance Pack<\/li>\n<li>Smoked Rear Lamps<\/li>\n<li>Tow Bar &#8211; 50mm Fixed Ball<\/li>\n<li>Veneer &#8211; Twill Carbon<\/li>\n<li>22inch Sport Gloss Blach DT<\/li>\n<\/ul>\n<\/div>\n<div class=\"config\"><\/div>\n","protected":false},"featured_media":10854,"comment_status":"open","ping_status":"closed","template":"","meta":[],"product_cat":[25],"product_tag":[],"class_list":["post-10853","product","type-product","status-publish","has-post-thumbnail","hentry","product_cat-aston-martin","entry","has-media"],"_links":{"self":[{"href":"https:\/\/newmoteuretsens.e-madgin.com\/index.php\/wp-json\/wp\/v2\/product\/10853","targetHints":{"allow":["GET"]}}],"collection":[{"href":"https:\/\/newmoteuretsens.e-madgin.com\/index.php\/wp-json\/wp\/v2\/product"}],"about":[{"href":"https:\/\/newmoteuretsens.e-madgin.com\/index.php\/wp-json\/wp\/v2\/types\/product"}],"replies":[{"embeddable":true,"href":"https:\/\/newmoteuretsens.e-madgin.com\/index.php\/wp-json\/wp\/v2\/comments?post=10853"}],"wp:featuredmedia":[{"embeddable":true,"href":"https:\/\/newmoteuretsens.e-madgin.com\/index.php\/wp-json\/wp\/v2\/media\/10854"}],"wp:attachment":[{"href":"https:\/\/newmoteuretsens.e-madgin.com\/index.php\/wp-json\/wp\/v2\/media?parent=10853"}],"wp:term":[{"taxonomy":"product_cat","embeddable":true,"href":"https:\/\/newmoteuretsens.e-madgin.com\/index.php\/wp-json\/wp\/v2\/product_cat?post=10853"},{"taxonomy":"product_tag","embeddable":true,"href":"https:\/\/newmoteuretsens.e-madgin.com\/index.php\/wp-json\/wp\/v2\/product_tag?post=10853"}],"curies":[{"name":"wp","href":"https:\/\/api.w.org\/{rel}","templated":true}]}}