{"id":10477,"date":"2021-11-04T19:21:39","date_gmt":"2021-11-04T18:21:39","guid":{"rendered":"https:\/\/newmoteuretsens.e-madgin.com\/?post_type=product&#038;p=10477"},"modified":"2021-11-09T15:15:34","modified_gmt":"2021-11-09T14:15:34","slug":"lexus-lfa","status":"publish","type":"product","link":"https:\/\/newmoteuretsens.e-madgin.com\/index.php\/produit\/lexus-lfa\/","title":{"rendered":"LEXUS &#8211; LFA"},"content":{"rendered":"<p>La Lexus LFA est n\u00e9e du projet du PDG de Toyota, Akio Toyoda, qui, apr\u00e8s des ann\u00e9es de production de voitures de s\u00e9ries, souhaitait construire une supercar capable de rivaliser avec celles propos\u00e9es par des constructeurs tel que Ferrari, Porsche et Lamborghini. Le d\u00e9veloppement du projet a dur\u00e9e 9 ans, et lorsque la voiture a finalement \u00e9t\u00e9 d\u00e9voil\u00e9e au salon de l&rsquo;automobile de Tokyo en 2009, le monde automobile a compris que quelque chose de vraiment remarquable venait d&rsquo;\u00eatre cr\u00e9\u00e9. Le point culminant est le moteur V-10 de 4,8 litres, co-d\u00e9velopp\u00e9 avec Yamaha et construit dans les m\u00eames usine que les V-10 de F1 de Toyota Racing. Le bloc est un m\u00e9lange d&rsquo;alliage d&rsquo;aluminium, de magn\u00e9sium et de titane, ce qui le rend plus petit qu&rsquo;un V8 \u00e9quivalent et plus l\u00e9ger qu&rsquo;un V6 \u00e9quivalent. Les composants internes extr\u00eamement perfectionn\u00e9s ont permis une r\u00e9ponse \u00e0 l&rsquo;acc\u00e9l\u00e9rateur d&rsquo;une extr\u00eame pr\u00e9cision, permettant au V-10 de passer du ralenti \u00e0 9 000 tr\/min en seulement six dixi\u00e8mes de seconde. Le tableau de bord de la LFA est enti\u00e8rement num\u00e9rique car aucun tachym\u00e8tre analogique ne pouvait suivre la vitesse de mont\u00e9 et descente en r\u00e9gime du moteur ! La boite 6 vitesses simple embrayage robotis\u00e9 m\u00eale violence et pr\u00e9cision, ce qui d\u00e9cuple encore le plaisir au volant. Que dire de la note sonore absolument unique de la LFA qui reste toujours in\u00e9gal\u00e9e m\u00eame aujourd&rsquo;hui par les supercars modernes. Seulement 500 LFA ont \u00e9t\u00e9 produites pendant les deux ann\u00e9es de production. La voiture que nous avons le plaisir de proposer \u00e0 la vente est une premi\u00e8re main Fran\u00e7aise, dans un \u00e9tat neuf avec seulement 1860km \u00e0 son compteur. Malgr\u00e9 ce faible kilom\u00e9trage, la voiture a tout de m\u00eame \u00e9t\u00e9 r\u00e9vis\u00e9e deux fois chez TMG (Toyota Motorsport Cologne). Le v\u00e9hicule est vendu avec sa documentation et sa housse d&rsquo;origine.<\/p>\n","protected":false},"excerpt":{"rendered":"<ul>\n<li>Cam\u00e9ra de recul<\/li>\n<li>Carnet d&rsquo;entretien<\/li>\n<li>Facture d&rsquo;entretien<\/li>\n<li>Pochette compl\u00e8te<\/li>\n<li>Si\u00e8ges chauffants<\/li>\n<\/ul>\n","protected":false},"featured_media":10478,"comment_status":"open","ping_status":"closed","template":"","meta":[],"product_cat":[339],"product_tag":[],"class_list":["post-10477","product","type-product","status-publish","has-post-thumbnail","hentry","product_cat-lexus","entry","has-media"],"_links":{"self":[{"href":"https:\/\/newmoteuretsens.e-madgin.com\/index.php\/wp-json\/wp\/v2\/product\/10477","targetHints":{"allow":["GET"]}}],"collection":[{"href":"https:\/\/newmoteuretsens.e-madgin.com\/index.php\/wp-json\/wp\/v2\/product"}],"about":[{"href":"https:\/\/newmoteuretsens.e-madgin.com\/index.php\/wp-json\/wp\/v2\/types\/product"}],"replies":[{"embeddable":true,"href":"https:\/\/newmoteuretsens.e-madgin.com\/index.php\/wp-json\/wp\/v2\/comments?post=10477"}],"wp:featuredmedia":[{"embeddable":true,"href":"https:\/\/newmoteuretsens.e-madgin.com\/index.php\/wp-json\/wp\/v2\/media\/10478"}],"wp:attachment":[{"href":"https:\/\/newmoteuretsens.e-madgin.com\/index.php\/wp-json\/wp\/v2\/media?parent=10477"}],"wp:term":[{"taxonomy":"product_cat","embeddable":true,"href":"https:\/\/newmoteuretsens.e-madgin.com\/index.php\/wp-json\/wp\/v2\/product_cat?post=10477"},{"taxonomy":"product_tag","embeddable":true,"href":"https:\/\/newmoteuretsens.e-madgin.com\/index.php\/wp-json\/wp\/v2\/product_tag?post=10477"}],"curies":[{"name":"wp","href":"https:\/\/api.w.org\/{rel}","templated":true}]}}