{"id":10426,"date":"2021-11-04T17:41:48","date_gmt":"2021-11-04T16:41:48","guid":{"rendered":"https:\/\/newmoteuretsens.e-madgin.com\/?post_type=product&#038;p=10426"},"modified":"2021-12-16T19:25:14","modified_gmt":"2021-12-16T18:25:14","slug":"porsche-911-type-991-carrera-s-kit-x51","status":"publish","type":"product","link":"https:\/\/newmoteuretsens.e-madgin.com\/index.php\/produit\/porsche-911-type-991-carrera-s-kit-x51\/","title":{"rendered":"PORSCHE &#8211; 911 Type 991 Carrera S Kit X51"},"content":{"rendered":"<p>La Porsche 991 repr\u00e9sente un grand pas dans l&rsquo;\u00e9volution de la 911. La plateforme s\u2019agrandit, la polyvalence et l&rsquo;habitabilit\u00e9 aussi, mais les essentiels restent : Une r\u00e9elle sportivit\u00e9 et une facult\u00e9 \u00e0 \u00eatre utilisable en toutes circonstances. On s&rsquo;y sent tout \u00e0 fait \u00e0 son aise une fois \u00e0 l&rsquo;int\u00e9rieur et l&rsquo;interface progresse grandement depuis les 997. On prend le temps de prendre les tours et d&rsquo;\u00e9couter son ronronnement, un plaisir dont on ne se lasse pas et qui ne sera plus possible sur les phases suivantes (moteur turbo sur les carrera). L&rsquo;exemplaire que l&rsquo;on vous propose a la particularit\u00e9 d&rsquo;\u00eatre \u00e9quip\u00e9 d&rsquo;origine du tr\u00e8s rare Kit usine X51 Porsche portant la puissance moteur \u00e0 430ch. Pr\u00e9sent\u00e9e dans une sublime configuration bleu marine \/ int\u00e9rieur gris, et extr\u00eamement bien \u00e9quip\u00e9e : Toit ouvrant, Cuir \u00e9tendu, Bose etc.. l&rsquo;auto est \u00e0 jour de r\u00e9vision (derni\u00e8re en 11\/2021 \u00e0 82 000km). Les 4 pneus ainsi que plaquettes de freins arri\u00e8re viennent d&rsquo;\u00eatre remplac\u00e9s.<\/p>\n","protected":false},"excerpt":{"rendered":"<ul>\n<li>R\u00e9gulateur de vitesse<\/li>\n<li>Tapis de sol<\/li>\n<li>Syst\u00e8me de capteurs de pressions de pneus<\/li>\n<li>Radars de stationnement avant et arri\u00e8re<\/li>\n<li>Si\u00e8ges chauffants<\/li>\n<li>Syst\u00e8me son Bose<\/li>\n<li>Syst\u00e8me de navigation<\/li>\n<li>Toit ouvrant<\/li>\n<li>Peinture m\u00e9tallis\u00e9e<\/li>\n<li>Boite de vitesse PDK<\/li>\n<li>Diff\u00e9rentiel arri\u00e8re r\u00e9gul\u00e9 (PTV Plus)<\/li>\n<li>Si\u00e8ges Sport Plus 4 r\u00e9glages \u00e9lectriques<\/li>\n<li>Essuie-glace de lunette arri\u00e8re<\/li>\n<li>Ecussons de roue couleur<\/li>\n<li>Phare Bi-X\u00e9non directionnels PDLS<\/li>\n<li>Module de t\u00e9l\u00e9phone pour PCM<\/li>\n<li>Chargeur 6 CD\/DVD<\/li>\n<li>Si\u00e8ges arri\u00e8re en cuir lisse<\/li>\n<li>Cuir Bicolore<\/li>\n<li>Cuir \u00e9tendu<\/li>\n<li>Inserts de panneau de porte Argent<\/li>\n<li>Kit moteur X51<\/li>\n<li>Volant Sportdesign en cuir<\/li>\n<li>Syst\u00e8me d&rsquo;\u00e9chappement sport<\/li>\n<\/ul>\n","protected":false},"featured_media":10427,"comment_status":"open","ping_status":"closed","template":"","meta":[],"product_cat":[21],"product_tag":[],"class_list":["post-10426","product","type-product","status-publish","has-post-thumbnail","hentry","product_cat-porsche","entry","has-media"],"_links":{"self":[{"href":"https:\/\/newmoteuretsens.e-madgin.com\/index.php\/wp-json\/wp\/v2\/product\/10426","targetHints":{"allow":["GET"]}}],"collection":[{"href":"https:\/\/newmoteuretsens.e-madgin.com\/index.php\/wp-json\/wp\/v2\/product"}],"about":[{"href":"https:\/\/newmoteuretsens.e-madgin.com\/index.php\/wp-json\/wp\/v2\/types\/product"}],"replies":[{"embeddable":true,"href":"https:\/\/newmoteuretsens.e-madgin.com\/index.php\/wp-json\/wp\/v2\/comments?post=10426"}],"wp:featuredmedia":[{"embeddable":true,"href":"https:\/\/newmoteuretsens.e-madgin.com\/index.php\/wp-json\/wp\/v2\/media\/10427"}],"wp:attachment":[{"href":"https:\/\/newmoteuretsens.e-madgin.com\/index.php\/wp-json\/wp\/v2\/media?parent=10426"}],"wp:term":[{"taxonomy":"product_cat","embeddable":true,"href":"https:\/\/newmoteuretsens.e-madgin.com\/index.php\/wp-json\/wp\/v2\/product_cat?post=10426"},{"taxonomy":"product_tag","embeddable":true,"href":"https:\/\/newmoteuretsens.e-madgin.com\/index.php\/wp-json\/wp\/v2\/product_tag?post=10426"}],"curies":[{"name":"wp","href":"https:\/\/api.w.org\/{rel}","templated":true}]}}