{"id":1031,"date":"2021-09-13T19:32:42","date_gmt":"2021-09-13T17:32:42","guid":{"rendered":"https:\/\/newmoteuretsens.e-madgin.com\/?post_type=product&#038;p=1031"},"modified":"2021-12-13T14:37:46","modified_gmt":"2021-12-13T13:37:46","slug":"aston-martin-dbs-supperleggera","status":"publish","type":"product","link":"https:\/\/newmoteuretsens.e-madgin.com\/index.php\/produit\/aston-martin-dbs-supperleggera\/","title":{"rendered":"ASTON MARTIN &#8211; DBS Supperleggera"},"content":{"rendered":"<p>Nous ne sommes pas des stylistes automobiles, nous sommes des ing\u00e9nieurs en design\u00a0\u00bb Marek Reichman, directeur de la cr\u00e9ation C&rsquo;est avec sa bouche b\u00e9ante en guise de calandre que la DBS Superleggera attire le regard. Ses \u00e9normes prises d&rsquo;air diss\u00e9min\u00e9es partout sur la carrosserie impressionnent et sa lame \u00e0 l&rsquo;avant donne l&rsquo;impression d&rsquo;une b\u00eate pr\u00eate \u00e0 d\u00e9vorer le bitume. Les 725 CV d\u00e9livr\u00e9s par le moteur V12 de 5,2 L bi-turbo de la DBS repr\u00e9sentent incontestablement un chiffre colossal. Et il n&rsquo;est que le point de d\u00e9part d&rsquo;un grand talent. Lorsque vous conduisez la DBS, vous savourez quelque chose d&rsquo;encore plus ph\u00e9nom\u00e9nal : son couple. La notion de couple est difficile \u00e0 expliquer, mais au volant, elle se ressent imm\u00e9diatement dans l&rsquo;acc\u00e9l\u00e9ration et la reprise de la voiture. Et lorsque la DBS acc\u00e9l\u00e8re, ce sont 900 Nm de couple qu&rsquo;elle d\u00e9livre, soit plus que toute autre voiture de route Aston Martin. Notre mod\u00e8le est en parfait \u00e9tat. En plus d&rsquo;une peinture Hyper Red, elle est dot\u00e9e d&rsquo;un int\u00e9rieur en sellerie bleue fonc\u00e9e avec surpiqures rouges. Le toit, les arches et les r\u00e9troviseurs sont en carbone.<\/p>\n","protected":false},"excerpt":{"rendered":"<ul>\n<li>Jantes peintes noire<\/li>\n<li>Syst\u00e8me Audio Bang &amp; Olufsen<\/li>\n<li>Cam\u00e9ra 360\u00b0<\/li>\n<li>Ciel de toit en alcantara<\/li>\n<li>Si\u00e8ges chauffants et ventil\u00e9s<\/li>\n<li>Toit, arches, r\u00e9troviseurs en carbone<\/li>\n<\/ul>\n","protected":false},"featured_media":1032,"comment_status":"open","ping_status":"closed","template":"","meta":[],"product_cat":[25],"product_tag":[338],"class_list":["post-1031","product","type-product","status-publish","has-post-thumbnail","hentry","product_cat-aston-martin","product_tag-hyper-red","entry","has-media"],"_links":{"self":[{"href":"https:\/\/newmoteuretsens.e-madgin.com\/index.php\/wp-json\/wp\/v2\/product\/1031","targetHints":{"allow":["GET"]}}],"collection":[{"href":"https:\/\/newmoteuretsens.e-madgin.com\/index.php\/wp-json\/wp\/v2\/product"}],"about":[{"href":"https:\/\/newmoteuretsens.e-madgin.com\/index.php\/wp-json\/wp\/v2\/types\/product"}],"replies":[{"embeddable":true,"href":"https:\/\/newmoteuretsens.e-madgin.com\/index.php\/wp-json\/wp\/v2\/comments?post=1031"}],"wp:featuredmedia":[{"embeddable":true,"href":"https:\/\/newmoteuretsens.e-madgin.com\/index.php\/wp-json\/wp\/v2\/media\/1032"}],"wp:attachment":[{"href":"https:\/\/newmoteuretsens.e-madgin.com\/index.php\/wp-json\/wp\/v2\/media?parent=1031"}],"wp:term":[{"taxonomy":"product_cat","embeddable":true,"href":"https:\/\/newmoteuretsens.e-madgin.com\/index.php\/wp-json\/wp\/v2\/product_cat?post=1031"},{"taxonomy":"product_tag","embeddable":true,"href":"https:\/\/newmoteuretsens.e-madgin.com\/index.php\/wp-json\/wp\/v2\/product_tag?post=1031"}],"curies":[{"name":"wp","href":"https:\/\/api.w.org\/{rel}","templated":true}]}}