{"id":10049,"date":"2021-11-04T09:29:05","date_gmt":"2021-11-04T08:29:05","guid":{"rendered":"https:\/\/newmoteuretsens.e-madgin.com\/?post_type=product&#038;p=10049"},"modified":"2021-11-29T15:05:56","modified_gmt":"2021-11-29T14:05:56","slug":"aston-martin-v12-vantage-roadster-bvm-2","status":"publish","type":"product","link":"https:\/\/newmoteuretsens.e-madgin.com\/index.php\/produit\/aston-martin-v12-vantage-roadster-bvm-2\/","title":{"rendered":"ASTON MARTIN &#8211; V12 Vantage Roadster BVM"},"content":{"rendered":"<p>La V12 Vantage est devenue avec le temps un mod\u00e8le embl\u00e9matique de la gamme Aston Martin. Sa boite m\u00e9canique, le couple et l&rsquo;allonge de son V12 de 517 chevaux en font une voiture aussi sensationnelle que plaisante \u00e0 piloter. Le challenge \u00e9tait double, implanter le plus gros moteur de la gamme Aston, dans la plus petite plateforme. Le tout en conservant son temp\u00e9rament sportif et son \u00e9quilibre. Le moins que l&rsquo;on puisse dire c&rsquo;est que c&rsquo;est une r\u00e9ussite. En ligne elle est plus galb\u00e9e et agressive sans se d\u00e9partir de son \u00e9l\u00e9gance naturelle. Le moteur fait le reste ! La Roadster, en plus d&rsquo;\u00eatre extr\u00eamement bien finie, pourrait s&rsquo;av\u00e9rer un mod\u00e8le \u00e0 collectionner \u00e9tant donn\u00e9 qu&rsquo;elle est une s\u00e9rie limit\u00e9e, seulement 101 exemplaires dans le monde ! Cet exemplaire particulier est plus que jamais un collector avec seulement 6400km \u00e0 son compteur. Laissez vous envo\u00fbter par la magie Aston Martin, avec un exemplaire a fort potentiel. Voiture fraichement r\u00e9vis\u00e9 chez Aston Martin (10\/2021 \u00e0 6000km), carnet d&rsquo;entretiens d&rsquo;origine.<\/p>\n","protected":false},"excerpt":{"rendered":"<div class=\"options\">\n<ul>\n<li>Pack Carbone int\u00e9rieur<\/li>\n<li>R\u00e9gulateur de vitesse<\/li>\n<li>Cam\u00e9ra de recul<\/li>\n<li>R\u00e9troviseurs carbone<\/li>\n<li>Radars de stationnement avant et arri\u00e8re<\/li>\n<li>Carnet d&rsquo;entretien<\/li>\n<li>Finition int\u00e9rieur Piano Black<\/li>\n<li>Si\u00e8ges \u00e9lectriques \u00e0 m\u00e9moires<\/li>\n<li>Si\u00e8ges chauffants<\/li>\n<\/ul>\n<\/div>\n","protected":false},"featured_media":10050,"comment_status":"open","ping_status":"closed","template":"","meta":[],"product_cat":[25],"product_tag":[],"class_list":["post-10049","product","type-product","status-publish","has-post-thumbnail","hentry","product_cat-aston-martin","entry","has-media"],"_links":{"self":[{"href":"https:\/\/newmoteuretsens.e-madgin.com\/index.php\/wp-json\/wp\/v2\/product\/10049","targetHints":{"allow":["GET"]}}],"collection":[{"href":"https:\/\/newmoteuretsens.e-madgin.com\/index.php\/wp-json\/wp\/v2\/product"}],"about":[{"href":"https:\/\/newmoteuretsens.e-madgin.com\/index.php\/wp-json\/wp\/v2\/types\/product"}],"replies":[{"embeddable":true,"href":"https:\/\/newmoteuretsens.e-madgin.com\/index.php\/wp-json\/wp\/v2\/comments?post=10049"}],"wp:featuredmedia":[{"embeddable":true,"href":"https:\/\/newmoteuretsens.e-madgin.com\/index.php\/wp-json\/wp\/v2\/media\/10050"}],"wp:attachment":[{"href":"https:\/\/newmoteuretsens.e-madgin.com\/index.php\/wp-json\/wp\/v2\/media?parent=10049"}],"wp:term":[{"taxonomy":"product_cat","embeddable":true,"href":"https:\/\/newmoteuretsens.e-madgin.com\/index.php\/wp-json\/wp\/v2\/product_cat?post=10049"},{"taxonomy":"product_tag","embeddable":true,"href":"https:\/\/newmoteuretsens.e-madgin.com\/index.php\/wp-json\/wp\/v2\/product_tag?post=10049"}],"curies":[{"name":"wp","href":"https:\/\/api.w.org\/{rel}","templated":true}]}}