{"id":25,"date":"2021-07-12T10:30:42","date_gmt":"2021-07-12T08:30:42","guid":{"rendered":"https:\/\/newmoteuretsens.e-madgin.com\/?page_id=25"},"modified":"2021-07-21T11:48:00","modified_gmt":"2021-07-21T09:48:00","slug":"qui_sommes_nous","status":"publish","type":"page","link":"https:\/\/newmoteuretsens.e-madgin.com\/index.php\/qui_sommes_nous\/","title":{"rendered":"Qui sommes-nous"},"content":{"rendered":"\t\t<div data-elementor-type=\"wp-page\" data-elementor-id=\"25\" class=\"elementor elementor-25\" data-elementor-settings=\"[]\">\n\t\t\t\t\t\t\t<div class=\"elementor-section-wrap\">\n\t\t\t\t\t\t\t<section class=\"elementor-section elementor-top-section elementor-element elementor-element-dfb8ed1 elementor-section-full_width elementor-section-height-default elementor-section-height-default\" data-id=\"dfb8ed1\" data-element_type=\"section\" data-settings=\"{&quot;background_background&quot;:&quot;video&quot;,&quot;background_video_link&quot;:&quot;http:\\\/\\\/newmoteuretsens.e-madgin.com\\\/wp-content\\\/uploads\\\/2021\\\/07\\\/180607_A_101.mp4&quot;,&quot;background_play_on_mobile&quot;:&quot;yes&quot;}\">\n\t\t\t\t\t\t\t\t<div class=\"elementor-background-video-container\">\n\t\t\t\t\t\t\t\t\t\t\t\t\t<video class=\"elementor-background-video-hosted elementor-html5-video\" autoplay muted playsinline loop><\/video>\n\t\t\t\t\t\t\t\t\t\t\t<\/div>\n\t\t\t\t\t\t\t\t\t<div class=\"elementor-background-overlay\"><\/div>\n\t\t\t\t\t\t\t<div class=\"elementor-container elementor-column-gap-no\">\n\t\t\t\t\t<div class=\"elementor-column elementor-col-33 elementor-top-column elementor-element elementor-element-b52ee9d\" data-id=\"b52ee9d\" data-element_type=\"column\">\n\t\t\t<div class=\"elementor-widget-wrap elementor-element-populated\">\n\t\t\t\t\t\t\t\t<div class=\"elementor-element elementor-element-4e1cea5 elementor-align-left elementor-mobile-align-center elementor-widget elementor-widget-button\" data-id=\"4e1cea5\" data-element_type=\"widget\" data-widget_type=\"button.default\">\n\t\t\t\t<div class=\"elementor-widget-container\">\n\t\t\t\t\t<div class=\"elementor-button-wrapper\">\n\t\t\t<a href=\"#elementor-action%3Aaction%3Dpopup%3Aopen%26settings%3DeyJpZCI6IjM3MyIsInRvZ2dsZSI6ZmFsc2V9\" class=\"elementor-button-link elementor-button elementor-size-md\" role=\"button\">\n\t\t\t\t\t\t<span class=\"elementor-button-content-wrapper\">\n\t\t\t\t\t\t<span class=\"elementor-button-text\">Menu<\/span>\n\t\t<\/span>\n\t\t\t\t\t<\/a>\n\t\t<\/div>\n\t\t\t\t<\/div>\n\t\t\t\t<\/div>\n\t\t\t\t\t<\/div>\n\t\t<\/div>\n\t\t\t\t<div class=\"elementor-column elementor-col-33 elementor-top-column elementor-element elementor-element-beab6c8\" data-id=\"beab6c8\" data-element_type=\"column\">\n\t\t\t<div class=\"elementor-widget-wrap elementor-element-populated\">\n\t\t\t\t\t\t\t\t<div class=\"elementor-element elementor-element-e3c0162 elementor-widget elementor-widget-image\" data-id=\"e3c0162\" data-element_type=\"widget\" data-widget_type=\"image.default\">\n\t\t\t\t<div class=\"elementor-widget-container\">\n\t\t\t\t\t\t\t\t\t\t\t\t\t\t\t\t<a href=\"https:\/\/newmoteuretsens.e-madgin.com\">\n\t\t\t\t\t\t\t<img loading=\"lazy\" decoding=\"async\" width=\"1024\" height=\"319\" src=\"https:\/\/newmoteuretsens.e-madgin.com\/wp-content\/uploads\/2021\/07\/logo-jpeg-1024x319.png\" class=\"attachment-large size-large\" alt=\"\" srcset=\"https:\/\/newmoteuretsens.e-madgin.com\/wp-content\/uploads\/2021\/07\/logo-jpeg-1024x319.png 1024w, https:\/\/newmoteuretsens.e-madgin.com\/wp-content\/uploads\/2021\/07\/logo-jpeg-300x94.png 300w, https:\/\/newmoteuretsens.e-madgin.com\/wp-content\/uploads\/2021\/07\/logo-jpeg-768x239.png 768w, https:\/\/newmoteuretsens.e-madgin.com\/wp-content\/uploads\/2021\/07\/logo-jpeg-800x249.png 800w, https:\/\/newmoteuretsens.e-madgin.com\/wp-content\/uploads\/2021\/07\/logo-jpeg.png 1200w\" sizes=\"auto, (max-width: 1024px) 100vw, 1024px\" \/>\t\t\t\t\t\t\t\t<\/a>\n\t\t\t\t\t\t\t\t\t\t\t\t\t\t\t<\/div>\n\t\t\t\t<\/div>\n\t\t\t\t<div class=\"elementor-element elementor-element-3d9aa4c elementor-widget elementor-widget-spacer\" data-id=\"3d9aa4c\" data-element_type=\"widget\" data-widget_type=\"spacer.default\">\n\t\t\t\t<div class=\"elementor-widget-container\">\n\t\t\t\t\t<div class=\"elementor-spacer\">\n\t\t\t<div class=\"elementor-spacer-inner\"><\/div>\n\t\t<\/div>\n\t\t\t\t<\/div>\n\t\t\t\t<\/div>\n\t\t\t\t\t<\/div>\n\t\t<\/div>\n\t\t\t\t<div class=\"elementor-column elementor-col-33 elementor-top-column elementor-element elementor-element-e8b56a6\" data-id=\"e8b56a6\" data-element_type=\"column\">\n\t\t\t<div class=\"elementor-widget-wrap elementor-element-populated\">\n\t\t\t\t\t\t\t\t<section class=\"elementor-section elementor-inner-section elementor-element elementor-element-eee9ce7 elementor-section-full_width elementor-section-height-default elementor-section-height-default\" data-id=\"eee9ce7\" data-element_type=\"section\">\n\t\t\t\t\t\t<div class=\"elementor-container elementor-column-gap-default\">\n\t\t\t\t\t<div class=\"elementor-column elementor-col-50 elementor-inner-column elementor-element elementor-element-7fa5c0f\" data-id=\"7fa5c0f\" data-element_type=\"column\">\n\t\t\t<div class=\"elementor-widget-wrap elementor-element-populated\">\n\t\t\t\t\t\t\t\t<div class=\"elementor-element elementor-element-f3243cc elementor-align-center elementor-icon-list--layout-traditional elementor-list-item-link-full_width elementor-widget elementor-widget-icon-list\" data-id=\"f3243cc\" data-element_type=\"widget\" data-widget_type=\"icon-list.default\">\n\t\t\t\t<div class=\"elementor-widget-container\">\n\t\t\t\t\t<ul class=\"elementor-icon-list-items\">\n\t\t\t\t\t\t\t<li class=\"elementor-icon-list-item\">\n\t\t\t\t\t\t\t\t\t\t\t<span class=\"elementor-icon-list-icon\">\n\t\t\t\t\t\t\t<i aria-hidden=\"true\" class=\"fas fa-phone-alt\"><\/i>\t\t\t\t\t\t<\/span>\n\t\t\t\t\t\t\t\t\t\t<span class=\"elementor-icon-list-text\">01 69 30 98 40<\/span>\n\t\t\t\t\t\t\t\t\t<\/li>\n\t\t\t\t\t\t<\/ul>\n\t\t\t\t<\/div>\n\t\t\t\t<\/div>\n\t\t\t\t\t<\/div>\n\t\t<\/div>\n\t\t\t\t<div class=\"elementor-column elementor-col-50 elementor-inner-column elementor-element elementor-element-8103b21\" data-id=\"8103b21\" data-element_type=\"column\">\n\t\t\t<div class=\"elementor-widget-wrap elementor-element-populated\">\n\t\t\t\t\t\t\t\t<div class=\"elementor-element elementor-element-78e4881 elementor-widget elementor-widget-wp-widget-gtranslate\" data-id=\"78e4881\" data-element_type=\"widget\" data-widget_type=\"wp-widget-gtranslate.default\">\n\t\t\t\t<div class=\"elementor-widget-container\">\n\t\t\t<!-- GTranslate: https:\/\/gtranslate.io\/ -->\r\n<a href=\"#\" onclick=\"doGTranslate('fr|en');return false;\" title=\"English\" class=\"glink nturl notranslate\">EN<\/a> <a href=\"#\" onclick=\"doGTranslate('fr|fr');return false;\" title=\"French\" class=\"glink nturl notranslate\">FR<\/a> <style>\r\n#goog-gt-tt {display:none !important;}\r\n.goog-te-banner-frame {display:none !important;}\r\n.goog-te-menu-value:hover {text-decoration:none !important;}\r\n.goog-text-highlight {background-color:transparent !important;box-shadow:none !important;}\r\nbody {top:0 !important;}\r\n#google_translate_element2 {display:none!important;}\r\n<\/style>\r\n\r\n<div id=\"google_translate_element2\"><\/div>\r\n<script>\r\nfunction googleTranslateElementInit2() {new google.translate.TranslateElement({pageLanguage: 'fr',autoDisplay: false}, 'google_translate_element2');}\r\n<\/script><script src=\"\/\/translate.google.com\/translate_a\/element.js?cb=googleTranslateElementInit2\"><\/script>\r\n\r\n\r\n<script>\r\nfunction GTranslateGetCurrentLang() {var keyValue = document['cookie'].match('(^|;) ?googtrans=([^;]*)(;|$)');return keyValue ? keyValue[2].split('\/')[2] : null;}\r\nfunction GTranslateFireEvent(element,event){try{if(document.createEventObject){var evt=document.createEventObject();element.fireEvent('on'+event,evt)}else{var evt=document.createEvent('HTMLEvents');evt.initEvent(event,true,true);element.dispatchEvent(evt)}}catch(e){}}\r\nfunction doGTranslate(lang_pair){if(lang_pair.value)lang_pair=lang_pair.value;if(lang_pair=='')return;var lang=lang_pair.split('|')[1];if(GTranslateGetCurrentLang() == null && lang == lang_pair.split('|')[0])return;var teCombo;var sel=document.getElementsByTagName('select');for(var i=0;i<sel.length;i++)if(sel[i].className.indexOf('goog-te-combo')!=-1){teCombo=sel[i];break;}if(document.getElementById('google_translate_element2')==null||document.getElementById('google_translate_element2').innerHTML.length==0||teCombo.length==0||teCombo.innerHTML.length==0){setTimeout(function(){doGTranslate(lang_pair)},500)}else{teCombo.value=lang;GTranslateFireEvent(teCombo,'change');GTranslateFireEvent(teCombo,'change')}}\r\n<\/script>\r\n<script>jQuery(document).ready(function() {var allowed_languages = [\"en\",\"fr\"];var accept_language = navigator.language.toLowerCase() || navigator.userLanguage.toLowerCase();switch(accept_language) {case 'zh-cn': var preferred_language = 'zh-CN'; break;case 'zh': var preferred_language = 'zh-CN'; break;case 'zh-tw': var preferred_language = 'zh-TW'; break;case 'zh-hk': var preferred_language = 'zh-TW'; break;case 'he': var preferred_language = 'iw'; break;default: var preferred_language = accept_language.substr(0, 2); break;}if(preferred_language != 'fr' && GTranslateGetCurrentLang() == null && document.cookie.match('gt_auto_switch') == null && allowed_languages.indexOf(preferred_language) >= 0){doGTranslate('fr|'+preferred_language);document.cookie = 'gt_auto_switch=1; expires=Thu, 05 Dec 2030 08:08:08 UTC; path=\/;';}});<\/script>\t\t<\/div>\n\t\t\t\t<\/div>\n\t\t\t\t\t<\/div>\n\t\t<\/div>\n\t\t\t\t\t\t\t<\/div>\n\t\t<\/section>\n\t\t\t\t\t<\/div>\n\t\t<\/div>\n\t\t\t\t\t\t\t<\/div>\n\t\t<\/section>\n\t\t\t\t<section class=\"elementor-section elementor-top-section elementor-element elementor-element-284a5fe elementor-section-full_width elementor-section-height-default elementor-section-height-default\" data-id=\"284a5fe\" data-element_type=\"section\">\n\t\t\t\t\t\t<div class=\"elementor-container elementor-column-gap-default\">\n\t\t\t\t\t<div class=\"elementor-column elementor-col-100 elementor-top-column elementor-element elementor-element-a9b31d8\" data-id=\"a9b31d8\" data-element_type=\"column\">\n\t\t\t<div class=\"elementor-widget-wrap elementor-element-populated\">\n\t\t\t\t\t\t\t\t<div class=\"elementor-element elementor-element-294bb35 elementor-widget elementor-widget-heading\" data-id=\"294bb35\" data-element_type=\"widget\" data-widget_type=\"heading.default\">\n\t\t\t\t<div class=\"elementor-widget-container\">\n\t\t\t<h2 class=\"elementor-heading-title elementor-size-large\">Qui Sommes-nous<\/h2>\t\t<\/div>\n\t\t\t\t<\/div>\n\t\t\t\t\t<\/div>\n\t\t<\/div>\n\t\t\t\t\t\t\t<\/div>\n\t\t<\/section>\n\t\t\t\t<section class=\"elementor-section elementor-top-section elementor-element elementor-element-e3093af elementor-section-boxed elementor-section-height-default elementor-section-height-default\" data-id=\"e3093af\" data-element_type=\"section\">\n\t\t\t\t\t\t<div class=\"elementor-container elementor-column-gap-default\">\n\t\t\t\t\t<div class=\"elementor-column elementor-col-100 elementor-top-column elementor-element elementor-element-700a548\" data-id=\"700a548\" data-element_type=\"column\">\n\t\t\t<div class=\"elementor-widget-wrap elementor-element-populated\">\n\t\t\t\t\t\t\t\t<div class=\"elementor-element elementor-element-31eb7d4 elementor-widget elementor-widget-gallery\" data-id=\"31eb7d4\" data-element_type=\"widget\" data-settings=\"{&quot;gallery_layout&quot;:&quot;masonry&quot;,&quot;columns&quot;:2,&quot;gap&quot;:{&quot;unit&quot;:&quot;px&quot;,&quot;size&quot;:8,&quot;sizes&quot;:[]},&quot;lazyload&quot;:&quot;yes&quot;,&quot;columns_tablet&quot;:2,&quot;columns_mobile&quot;:1,&quot;gap_tablet&quot;:{&quot;unit&quot;:&quot;px&quot;,&quot;size&quot;:10,&quot;sizes&quot;:[]},&quot;gap_mobile&quot;:{&quot;unit&quot;:&quot;px&quot;,&quot;size&quot;:10,&quot;sizes&quot;:[]},&quot;link_to&quot;:&quot;file&quot;,&quot;overlay_background&quot;:&quot;yes&quot;,&quot;content_hover_animation&quot;:&quot;fade-in&quot;}\" data-widget_type=\"gallery.default\">\n\t\t\t\t<div class=\"elementor-widget-container\">\n\t\t\t\t\t<div class=\"elementor-gallery__container\">\n\t\t\t\t\t\t\t<a class=\"e-gallery-item elementor-gallery-item elementor-animated-content\" href=\"https:\/\/newmoteuretsens.e-madgin.com\/wp-content\/uploads\/2021\/07\/moteur_et_sens-71.jpg\" data-elementor-open-lightbox=\"yes\" data-elementor-lightbox-slideshow=\"all-31eb7d4\" data-elementor-lightbox-title=\"moteur_et_sens-71\">\n\t\t\t\t\t<div class=\"e-gallery-image elementor-gallery-item__image\" data-thumbnail=\"https:\/\/newmoteuretsens.e-madgin.com\/wp-content\/uploads\/2021\/07\/moteur_et_sens-71-768x513.jpg\" data-width=\"768\" data-height=\"513\" alt=\"\" ><\/div>\n\t\t\t\t\t\t\t\t\t\t<div class=\"elementor-gallery-item__overlay\"><\/div>\n\t\t\t\t\t\t\t\t\t\t\t\t\t\t<\/a>\n\t\t\t\t\t\t\t<a class=\"e-gallery-item elementor-gallery-item elementor-animated-content\" href=\"https:\/\/newmoteuretsens.e-madgin.com\/wp-content\/uploads\/2021\/07\/moteur_et_sens-06_new.jpg\" data-elementor-open-lightbox=\"yes\" data-elementor-lightbox-slideshow=\"all-31eb7d4\" data-elementor-lightbox-title=\"moteur_et_sens-06_new\">\n\t\t\t\t\t<div class=\"e-gallery-image elementor-gallery-item__image\" data-thumbnail=\"https:\/\/newmoteuretsens.e-madgin.com\/wp-content\/uploads\/2021\/07\/moteur_et_sens-06_new-768x513.jpg\" data-width=\"768\" data-height=\"513\" alt=\"\" ><\/div>\n\t\t\t\t\t\t\t\t\t\t<div class=\"elementor-gallery-item__overlay\"><\/div>\n\t\t\t\t\t\t\t\t\t\t\t\t\t\t<\/a>\n\t\t\t\t\t\t\t<a class=\"e-gallery-item elementor-gallery-item elementor-animated-content\" href=\"https:\/\/newmoteuretsens.e-madgin.com\/wp-content\/uploads\/2021\/07\/moteur_et_sens-68.jpg\" data-elementor-open-lightbox=\"yes\" data-elementor-lightbox-slideshow=\"all-31eb7d4\" data-elementor-lightbox-title=\"moteur_et_sens-68\">\n\t\t\t\t\t<div class=\"e-gallery-image elementor-gallery-item__image\" data-thumbnail=\"https:\/\/newmoteuretsens.e-madgin.com\/wp-content\/uploads\/2021\/07\/moteur_et_sens-68-768x513.jpg\" data-width=\"768\" data-height=\"513\" alt=\"\" ><\/div>\n\t\t\t\t\t\t\t\t\t\t<div class=\"elementor-gallery-item__overlay\"><\/div>\n\t\t\t\t\t\t\t\t\t\t\t\t\t\t<\/a>\n\t\t\t\t\t\t\t<a class=\"e-gallery-item elementor-gallery-item elementor-animated-content\" href=\"https:\/\/newmoteuretsens.e-madgin.com\/wp-content\/uploads\/2021\/07\/moteur_et_sens-72.jpg\" data-elementor-open-lightbox=\"yes\" data-elementor-lightbox-slideshow=\"all-31eb7d4\" data-elementor-lightbox-title=\"moteur_et_sens-72\">\n\t\t\t\t\t<div class=\"e-gallery-image elementor-gallery-item__image\" data-thumbnail=\"https:\/\/newmoteuretsens.e-madgin.com\/wp-content\/uploads\/2021\/07\/moteur_et_sens-72-768x460.jpg\" data-width=\"768\" data-height=\"460\" alt=\"\" ><\/div>\n\t\t\t\t\t\t\t\t\t\t<div class=\"elementor-gallery-item__overlay\"><\/div>\n\t\t\t\t\t\t\t\t\t\t\t\t\t\t<\/a>\n\t\t\t\t\t<\/div>\n\t\t\t<\/div>\n\t\t\t\t<\/div>\n\t\t\t\t\t<\/div>\n\t\t<\/div>\n\t\t\t\t\t\t\t<\/div>\n\t\t<\/section>\n\t\t\t\t<section class=\"elementor-section elementor-top-section elementor-element elementor-element-4e37fa3 elementor-section-boxed elementor-section-height-default elementor-section-height-default\" data-id=\"4e37fa3\" data-element_type=\"section\">\n\t\t\t\t\t\t<div class=\"elementor-container elementor-column-gap-default\">\n\t\t\t\t\t<div class=\"elementor-column elementor-col-100 elementor-top-column elementor-element elementor-element-35901cc\" data-id=\"35901cc\" data-element_type=\"column\">\n\t\t\t<div class=\"elementor-widget-wrap elementor-element-populated\">\n\t\t\t\t\t\t\t\t<div class=\"elementor-element elementor-element-7f985a0 elementor-widget elementor-widget-text-editor\" data-id=\"7f985a0\" data-element_type=\"widget\" data-widget_type=\"text-editor.default\">\n\t\t\t\t<div class=\"elementor-widget-container\">\n\t\t\t\t\t\t\t\t<p>Moteur &amp; Sens est l&rsquo;aboutissement de la passion de deux amoureux d&rsquo;automobiles.<\/p><p>Silv\u00e8re et Pierre se sont connus au travers de leur premier m\u00e9tier : le journalisme automobile.<\/p><p>Apr\u00e8s \u00eatre pass\u00e9\u00a0par des supports tels que Sport Auto, RS Magazine, \u00c9chappement et Turbo, ces deux amis ont d\u00e9cid\u00e9\u00a0de mettre leurs connaissances et culture automobile au service de clients exigeants.<\/p><p>Presque une d\u00e9cennie plus tard, et apr\u00e8s \u00eatre pass\u00e9\u00a0par\u00a0diff\u00e9rents acteur de la vente d&rsquo;automobiles d&rsquo;exceptions, ils d\u00e9cident de cr\u00e9er Moteur &amp; Sens afin de donner sens \u00e0 cette passion qui les anime.<br \/>\u00a0La soci\u00e9t\u00e9\u00a0Moteur &amp; Sens, situ\u00e9e \u00e0 quelques minutes de Paris, est une soci\u00e9t\u00e9\u00a0de vente d&rsquo;automobiles\u00a0d&rsquo;exceptions.<\/p><p>Ses deux g\u00e9rants se veulent transparents et au service de leurs clients afin d&rsquo;offrir des services toujours plus qualitatifs et de proposer des voitures les plus belles et authentiques possible.<\/p><p>L\u2019\u00e9quipe commerciale est pr\u00eate \u00e0\u00a0vous accueillir au sein de son showroom afin de vous pr\u00e9senter son stock et de recueillir toutes vos requ\u00eates.<\/p>\t\t\t\t\t\t<\/div>\n\t\t\t\t<\/div>\n\t\t\t\t\t<\/div>\n\t\t<\/div>\n\t\t\t\t\t\t\t<\/div>\n\t\t<\/section>\n\t\t\t\t\t\t<\/div>\n\t\t\t\t\t<\/div>\n\t\t","protected":false},"excerpt":{"rendered":"<p>Menu 01 69 30 98 40 Qui Sommes-nous Moteur &amp; Sens est l&rsquo;aboutissement de la passion de deux amoureux d&rsquo;automobiles. Silv\u00e8re et Pierre se sont connus au travers de leur premier m\u00e9tier : le journalisme automobile. Apr\u00e8s \u00eatre pass\u00e9\u00a0par des supports tels que Sport Auto, RS Magazine, \u00c9chappement et Turbo, ces deux amis ont d\u00e9cid\u00e9\u00a0de [&hellip;]<\/p>\n","protected":false},"author":1,"featured_media":0,"parent":0,"menu_order":0,"comment_status":"closed","ping_status":"closed","template":"elementor_header_footer","meta":{"footnotes":""},"class_list":["post-25","page","type-page","status-publish","hentry","entry"],"_links":{"self":[{"href":"https:\/\/newmoteuretsens.e-madgin.com\/index.php\/wp-json\/wp\/v2\/pages\/25","targetHints":{"allow":["GET"]}}],"collection":[{"href":"https:\/\/newmoteuretsens.e-madgin.com\/index.php\/wp-json\/wp\/v2\/pages"}],"about":[{"href":"https:\/\/newmoteuretsens.e-madgin.com\/index.php\/wp-json\/wp\/v2\/types\/page"}],"author":[{"embeddable":true,"href":"https:\/\/newmoteuretsens.e-madgin.com\/index.php\/wp-json\/wp\/v2\/users\/1"}],"replies":[{"embeddable":true,"href":"https:\/\/newmoteuretsens.e-madgin.com\/index.php\/wp-json\/wp\/v2\/comments?post=25"}],"version-history":[{"count":57,"href":"https:\/\/newmoteuretsens.e-madgin.com\/index.php\/wp-json\/wp\/v2\/pages\/25\/revisions"}],"predecessor-version":[{"id":527,"href":"https:\/\/newmoteuretsens.e-madgin.com\/index.php\/wp-json\/wp\/v2\/pages\/25\/revisions\/527"}],"wp:attachment":[{"href":"https:\/\/newmoteuretsens.e-madgin.com\/index.php\/wp-json\/wp\/v2\/media?parent=25"}],"curies":[{"name":"wp","href":"https:\/\/api.w.org\/{rel}","templated":true}]}}